{"id":5825,"date":"2019-07-24T14:38:11","date_gmt":"2019-07-24T12:38:11","guid":{"rendered":"https:\/\/www.pinsastore.it\/?page_id=5825"},"modified":"2023-12-04T17:26:57","modified_gmt":"2023-12-04T16:26:57","slug":"die-pinsa","status":"publish","type":"page","link":"https:\/\/www.pinsastore.it\/de\/die-pinsa\/","title":{"rendered":"Die Pinsa"},"content":{"rendered":"<h3>Die moderne Pinsa Romana<\/h3>\n<p>Das moderne Pinsa entstand aus einer Neuinterpretation eines Rezepts, das auf die Zeit des antiken Roms zur\u00fcckgeht.<\/p>\n<p>Sein unverwechselbarer Duft und seine Verdaulichkeit werden durch eine lange Reifung, eine G\u00e4rung bis zu 72 Stunden sowie eine hohe Hydratation erreicht.<\/p>\n<p>Sein Teig entsteht aus der Mischung von drei Mehlen, n\u00e4mlich WEIZEN, der das Aufgehen und die Bildung eines weichen und elastischen Teigs erm\u00f6glicht, REIS, der das Wasser w\u00e4hrend des Kochens zur\u00fcckh\u00e4lt und dem Teig eine bessere Verdaulichkeit verleiht, und schlie\u00dflich das SOJA, das f\u00fcr die Br\u00fcchigkeit und den Duft ben\u00f6tigt wird.<\/p>\n<p>Die Mehle zusammen mit dem getrockneten Sauerteig verleihen dem Produkt einen einzigartigen und unverwechselbaren Geschmack.<\/p>\n<h3>Unsere Pinsa<\/h3>\n<p>Unsere Pinsa-Basen werden von Hand von unserem erfahrenen Team von Pinsaioli mit einer langen Karriere im Bereich der B\u00e4ckerei unter der Leitung von <strong>Giovanni Uva<\/strong> hergestellt.<\/p>\n<p>Die Frische und das Fehlen von Konservierungsstoffen wurden bewusst respektiert und durch die Wahl der Verpackung in Schutzatmosph\u00e4re und nicht tiefgefroren oder anderweitig erreicht, was eine relativ kurze Verbrauchszeit bedeutet.<\/p>\n<p>Die Ware wird in Mikrometerbeuteln f\u00fcr Lebensmittel mit 1 Base verpackt.<\/p>\n<p>Die Basen sind bis 24 Std. vor der Produktion bei einer Maximaltemperatur von +8\u00b0C im K\u00fchlschrank haltbar, dies bedeutet eine Verpackung in isothermischen Polystyrol-Lebensmittelbeh\u00e4ltern.<\/p>\n<h3>N\u00fctzliche Tipps<\/h3>\n<p>Geniessen Sie Ihre Pinsa in 3 einfachen und schnellen Schritten:<\/p>\n<ol>\n<li>Die Tanne aus dem K\u00fchlschrank nehmen und auf Raumtemperatur bringen;<\/li>\n<li>Backen Sie die Pinse-Basis 8 Minuten lang bei 250\u00b0 auf den Lochrost Ihres Ofens<\/li>\n<li>Lassen Sie Ihrer Fantasie freien Lauf, w\u00fcrzen und teilen Sie Ihre Pinsa mit denen, die Sie gl\u00fccklich machen.<\/li>\n<\/ol>\n","protected":false},"excerpt":{"rendered":"<p>Die moderne Pinsa Romana Das moderne Pinsa entstand aus einer Neuinterpretation eines Rezepts, das auf die Zeit des antiken Roms zur\u00fcckgeht. Sein unverwechselbarer Duft und seine Verdaulichkeit werden durch eine lange Reifung, eine G\u00e4rung bis zu 72 Stunden sowie eine hohe Hydratation erreicht. Sein Teig entsteht aus der Mischung von drei Mehlen, n\u00e4mlich WEIZEN, der [&hellip;]<\/p>\n","protected":false},"author":1,"featured_media":0,"parent":0,"menu_order":4,"comment_status":"closed","ping_status":"closed","template":"","meta":{"inline_featured_image":false,"footnotes":""},"class_list":["post-5825","page","type-page","status-publish","hentry"],"yoast_head":"<!-- This site is optimized with the Yoast SEO plugin v27.5 - https:\/\/yoast.com\/product\/yoast-seo-wordpress\/ -->\n<title>Die Pinsa - Pinsa Store<\/title>\n<meta name=\"robots\" content=\"index, follow, max-snippet:-1, max-image-preview:large, max-video-preview:-1\" \/>\n<link rel=\"canonical\" href=\"https:\/\/www.pinsastore.it\/de\/die-pinsa\/\" \/>\n<meta property=\"og:locale\" content=\"de_DE\" \/>\n<meta property=\"og:type\" content=\"article\" \/>\n<meta property=\"og:title\" content=\"Die Pinsa - Pinsa Store\" \/>\n<meta property=\"og:description\" content=\"Die moderne Pinsa Romana Das moderne Pinsa entstand aus einer Neuinterpretation eines Rezepts, das auf die Zeit des antiken Roms zur\u00fcckgeht. Sein unverwechselbarer Duft und seine Verdaulichkeit werden durch eine lange Reifung, eine G\u00e4rung bis zu 72 Stunden sowie eine hohe Hydratation erreicht. Sein Teig entsteht aus der Mischung von drei Mehlen, n\u00e4mlich WEIZEN, der [&hellip;]\" \/>\n<meta property=\"og:url\" content=\"https:\/\/www.pinsastore.it\/de\/die-pinsa\/\" \/>\n<meta property=\"og:site_name\" content=\"Pinsa Store\" \/>\n<meta property=\"article:publisher\" content=\"https:\/\/www.facebook.com\/pinsastore\" \/>\n<meta property=\"article:modified_time\" content=\"2023-12-04T16:26:57+00:00\" \/>\n<meta property=\"og:image\" content=\"https:\/\/www.pinsastore.it\/wp-content\/uploads\/home\/slide\/slide-01.jpg\" \/>\n\t<meta property=\"og:image:width\" content=\"1600\" \/>\n\t<meta property=\"og:image:height\" content=\"900\" \/>\n\t<meta property=\"og:image:type\" content=\"image\/jpeg\" \/>\n<meta name=\"twitter:card\" content=\"summary_large_image\" \/>\n<meta name=\"twitter:site\" content=\"@piaceripalato\" \/>\n<meta name=\"twitter:label1\" content=\"Gesch\u00e4tzte Lesezeit\" \/>\n\t<meta name=\"twitter:data1\" content=\"2\u00a0Minuten\" \/>\n<script type=\"application\/ld+json\" class=\"yoast-schema-graph\">{\"@context\":\"https:\\\/\\\/schema.org\",\"@graph\":[{\"@type\":\"WebPage\",\"@id\":\"https:\\\/\\\/www.pinsastore.it\\\/de\\\/die-pinsa\\\/\",\"url\":\"https:\\\/\\\/www.pinsastore.it\\\/de\\\/die-pinsa\\\/\",\"name\":\"Die Pinsa - Pinsa Store\",\"isPartOf\":{\"@id\":\"https:\\\/\\\/www.pinsastore.it\\\/de\\\/#website\"},\"datePublished\":\"2019-07-24T12:38:11+00:00\",\"dateModified\":\"2023-12-04T16:26:57+00:00\",\"breadcrumb\":{\"@id\":\"https:\\\/\\\/www.pinsastore.it\\\/de\\\/die-pinsa\\\/#breadcrumb\"},\"inLanguage\":\"de\",\"potentialAction\":[{\"@type\":\"ReadAction\",\"target\":[\"https:\\\/\\\/www.pinsastore.it\\\/de\\\/die-pinsa\\\/\"]}]},{\"@type\":\"BreadcrumbList\",\"@id\":\"https:\\\/\\\/www.pinsastore.it\\\/de\\\/die-pinsa\\\/#breadcrumb\",\"itemListElement\":[{\"@type\":\"ListItem\",\"position\":1,\"name\":\"Startseite\",\"item\":\"https:\\\/\\\/www.pinsastore.it\\\/de\\\/\"},{\"@type\":\"ListItem\",\"position\":2,\"name\":\"Die Pinsa\"}]},{\"@type\":\"WebSite\",\"@id\":\"https:\\\/\\\/www.pinsastore.it\\\/de\\\/#website\",\"url\":\"https:\\\/\\\/www.pinsastore.it\\\/de\\\/\",\"name\":\"Pinsa Store\",\"description\":\"Dein Online-Pinsa-Shop\",\"potentialAction\":[{\"@type\":\"SearchAction\",\"target\":{\"@type\":\"EntryPoint\",\"urlTemplate\":\"https:\\\/\\\/www.pinsastore.it\\\/de\\\/?s={search_term_string}\"},\"query-input\":{\"@type\":\"PropertyValueSpecification\",\"valueRequired\":true,\"valueName\":\"search_term_string\"}}],\"inLanguage\":\"de\"}]}<\/script>\n<!-- \/ Yoast SEO plugin. -->","yoast_head_json":{"title":"Die Pinsa - Pinsa Store","robots":{"index":"index","follow":"follow","max-snippet":"max-snippet:-1","max-image-preview":"max-image-preview:large","max-video-preview":"max-video-preview:-1"},"canonical":"https:\/\/www.pinsastore.it\/de\/die-pinsa\/","og_locale":"de_DE","og_type":"article","og_title":"Die Pinsa - Pinsa Store","og_description":"Die moderne Pinsa Romana Das moderne Pinsa entstand aus einer Neuinterpretation eines Rezepts, das auf die Zeit des antiken Roms zur\u00fcckgeht. Sein unverwechselbarer Duft und seine Verdaulichkeit werden durch eine lange Reifung, eine G\u00e4rung bis zu 72 Stunden sowie eine hohe Hydratation erreicht. Sein Teig entsteht aus der Mischung von drei Mehlen, n\u00e4mlich WEIZEN, der [&hellip;]","og_url":"https:\/\/www.pinsastore.it\/de\/die-pinsa\/","og_site_name":"Pinsa Store","article_publisher":"https:\/\/www.facebook.com\/pinsastore","article_modified_time":"2023-12-04T16:26:57+00:00","og_image":[{"width":1600,"height":900,"url":"https:\/\/www.pinsastore.it\/wp-content\/uploads\/home\/slide\/slide-01.jpg","type":"image\/jpeg"}],"twitter_card":"summary_large_image","twitter_site":"@piaceripalato","twitter_misc":{"Gesch\u00e4tzte Lesezeit":"2\u00a0Minuten"},"schema":{"@context":"https:\/\/schema.org","@graph":[{"@type":"WebPage","@id":"https:\/\/www.pinsastore.it\/de\/die-pinsa\/","url":"https:\/\/www.pinsastore.it\/de\/die-pinsa\/","name":"Die Pinsa - Pinsa Store","isPartOf":{"@id":"https:\/\/www.pinsastore.it\/de\/#website"},"datePublished":"2019-07-24T12:38:11+00:00","dateModified":"2023-12-04T16:26:57+00:00","breadcrumb":{"@id":"https:\/\/www.pinsastore.it\/de\/die-pinsa\/#breadcrumb"},"inLanguage":"de","potentialAction":[{"@type":"ReadAction","target":["https:\/\/www.pinsastore.it\/de\/die-pinsa\/"]}]},{"@type":"BreadcrumbList","@id":"https:\/\/www.pinsastore.it\/de\/die-pinsa\/#breadcrumb","itemListElement":[{"@type":"ListItem","position":1,"name":"Startseite","item":"https:\/\/www.pinsastore.it\/de\/"},{"@type":"ListItem","position":2,"name":"Die Pinsa"}]},{"@type":"WebSite","@id":"https:\/\/www.pinsastore.it\/de\/#website","url":"https:\/\/www.pinsastore.it\/de\/","name":"Pinsa Store","description":"Dein Online-Pinsa-Shop","potentialAction":[{"@type":"SearchAction","target":{"@type":"EntryPoint","urlTemplate":"https:\/\/www.pinsastore.it\/de\/?s={search_term_string}"},"query-input":{"@type":"PropertyValueSpecification","valueRequired":true,"valueName":"search_term_string"}}],"inLanguage":"de"}]}},"_links":{"self":[{"href":"https:\/\/www.pinsastore.it\/de\/wp-json\/wp\/v2\/pages\/5825","targetHints":{"allow":["GET"]}}],"collection":[{"href":"https:\/\/www.pinsastore.it\/de\/wp-json\/wp\/v2\/pages"}],"about":[{"href":"https:\/\/www.pinsastore.it\/de\/wp-json\/wp\/v2\/types\/page"}],"author":[{"embeddable":true,"href":"https:\/\/www.pinsastore.it\/de\/wp-json\/wp\/v2\/users\/1"}],"replies":[{"embeddable":true,"href":"https:\/\/www.pinsastore.it\/de\/wp-json\/wp\/v2\/comments?post=5825"}],"version-history":[{"count":0,"href":"https:\/\/www.pinsastore.it\/de\/wp-json\/wp\/v2\/pages\/5825\/revisions"}],"wp:attachment":[{"href":"https:\/\/www.pinsastore.it\/de\/wp-json\/wp\/v2\/media?parent=5825"}],"curies":[{"name":"wp","href":"https:\/\/api.w.org\/{rel}","templated":true}]}}