{"id":5826,"date":"2019-07-24T14:35:27","date_gmt":"2019-07-24T12:35:27","guid":{"rendered":"https:\/\/www.pinsastore.it\/?page_id=5826"},"modified":"2023-12-04T17:32:37","modified_gmt":"2023-12-04T16:32:37","slug":"ueber-uns","status":"publish","type":"page","link":"https:\/\/www.pinsastore.it\/de\/ueber-uns\/","title":{"rendered":"\u00dcber Uns"},"content":{"rendered":"\n<h3 class=\"wp-block-heading\">Das Vergn\u00fcgen, zu Hause zu essen<\/h3>\n\n\n\n<p>Der sch\u00f6nste Moment im Alltag eines Mannes ist, wenn er an einem Tisch mit Menschen sitzt, die er liebt, ob er ein Sandwich oder ein k\u00f6stliches Gericht zu sich nehmen wird, die Magie dieses Moments ist immer die gleiche: Was uns umgibt, hat kein Gewicht mehr, Der Geist entspannt sich, ein Gef\u00fchl der Gelassenheit und Unbeschwertheit durchdringt die Sinne, wir sind ganz von uns selbst eingenommen, von der Notwendigkeit, uns zu erholen, eine Pause zu machen und dann wieder zu starten.<\/p>\n\n\n\n<p>Das ist es, was unsere T\u00e4tigkeit wunderbar macht, n\u00e4mlich die M\u00f6glichkeit, an diesem wunderbaren Moment teilzunehmen und das Beste unserer Professionalit\u00e4t auf die Tische Ihrer H\u00e4user zu bringen.<\/p>\n\n\n\n<p>Unsere Aufmerksamkeit ist auf den Kunden ausgerichtet und macht diesen Moment noch einzigartiger. Wir bem\u00fchen uns mit gr\u00f6\u00dfter Sorgfalt um jedes Detail von der Auswahl der Rohstoffe bis zur Verarbeitung und liefern ein einzigartiges Produkt.<\/p>\n\n\n\n<p>Wir glauben an die Kraft einer jugendlichen Leidenschaft, an die Schaffung eines Wertes und einer Kultur, n\u00e4mlich die des gesunden und gut geteilten Essens als echte Familie.<\/p>\n\n\n\n<p>Pinsa Store, Pinseria Online, entstand aus einem Projekt, das im April 2008 im Herzen des Irpinia mit GAUMENFREUDEN begann.<\/p>\n\n\n\n<p>Ausdruck der Leidenschaft seines Gr\u00fcnders Uva Giovanni und seiner Familie f\u00fcr die Welt der Gastronomie und des Backens.<\/p>\n\n\n\n<p>Und es ist genau diese Leidenschaft, das pulsierende Herz der GAUMENFREUDEN, die zu einem breiten Angebot an Teigen f\u00fchrt, die sorgf\u00e4ltig studiert und getestet sowie in ihrer Qualit\u00e4t und ihrem Geschmack zertifiziert sind.<\/p>\n\n\n\n<p>Der Gaumen des Kunden wird bei der Verkostung st\u00e4ndig angeregt, Teige mit Bio-Weizenmehl, mit Hanfmehl und multi Getreide.<\/p>\n\n\n\n<p>Aber die wahre Freude ist ohne Zweifel La Pinsa Romana, die aus der Mischung von drei Mehlen entstanden ist: Reis, Weizen und Soja, die es leicht verdaulich machen.<\/p>\n\n\n\n<p>Gaumenfreuden vor einem Unternehmen ist eine gro\u00dfe Familie.<\/p>\n\n\n\n<p>Gerade weil sie von der UVA-Familie gegr\u00fcndet und gef\u00fchrt wird, tr\u00e4gt sie den famili\u00e4ren Charakter und die Idee mit sich, dass der Kunde, bevor er Kunde ist, zuerst ein Mitglied davon ist.<\/p>\n\n\n\n<p>Er wird also von dieser gro\u00dfen Familie miteinbezogen, zu sp\u00fcren und mit anderen die Leidenschaft f\u00fcr Pinsa, gesunde Ern\u00e4hrung mit Geschmack zu teilen, aber vor allem die Entdeckung neuer Rezepte von einzigartigen Teigen zu erleben, die den Gaumen begeistern.<\/p>\n\n\n\n<p>Ein Pinsa ist nicht nur ein Gericht und nicht das Symbol der kulturellen Identit\u00e4t eines Landes, sondern es ist auch eine Kultur, die unsch\u00e4tzbare Werte von der Zubereitung bis zur Verkostung mit sich bringt.<\/p>\n\n\n\n<p>Werte wie die Tradition, wie die Bedeutung der Weitergabe des Rezepts seit Jahrhunderten, die sorgf\u00e4ltige Auswahl der nat\u00fcrlichen und typischen Produkte der Region sowie die unvergesslichen Momente, die man mit den Menschen erlebt, die sich bei der Verkostung einer guten Pinsa lieben. Dies sind die unsch\u00e4tzbaren Werte, die Pinsa zu einer echten Kultur und einem wertvollen Begleiter unserer geliebten Pizza machen.<\/p>\n\n\n\n<p>Aber Kultur bedeutet auch Innovation und Experimentierfreudigkeit, sie bedeutet Reisen in die Zukunft, aber mit dem Gep\u00e4ck der Vergangenheit.<\/p>\n\n\n\n<p>Aus diesem Grund GAUMENFREUDEN experimentiert er immer wieder mit neuen Teigen und neuen Mehlmischungen, um eine tausendj\u00e4hrige Kultur lebendig und avantgardistisch zu halten.<\/p>\n","protected":false},"excerpt":{"rendered":"<p>Das Vergn\u00fcgen, zu Hause zu essen Der sch\u00f6nste Moment im Alltag eines Mannes ist, wenn er an einem Tisch mit Menschen sitzt, die er liebt, ob er ein Sandwich oder ein k\u00f6stliches Gericht zu sich nehmen wird, die Magie dieses Moments ist immer die gleiche: Was uns umgibt, hat kein Gewicht mehr, Der Geist entspannt [&hellip;]<\/p>\n","protected":false},"author":1,"featured_media":0,"parent":0,"menu_order":8,"comment_status":"closed","ping_status":"closed","template":"","meta":{"inline_featured_image":false,"footnotes":""},"class_list":["post-5826","page","type-page","status-publish","hentry"],"yoast_head":"<!-- This site is optimized with the Yoast SEO plugin v27.5 - https:\/\/yoast.com\/product\/yoast-seo-wordpress\/ -->\n<title>\u00dcber Uns - Pinsa Store<\/title>\n<meta name=\"robots\" content=\"index, follow, max-snippet:-1, max-image-preview:large, max-video-preview:-1\" \/>\n<link rel=\"canonical\" href=\"https:\/\/www.pinsastore.it\/de\/ueber-uns\/\" \/>\n<meta property=\"og:locale\" content=\"de_DE\" \/>\n<meta property=\"og:type\" content=\"article\" \/>\n<meta property=\"og:title\" content=\"\u00dcber Uns - Pinsa Store\" \/>\n<meta property=\"og:description\" content=\"Das Vergn\u00fcgen, zu Hause zu essen Der sch\u00f6nste Moment im Alltag eines Mannes ist, wenn er an einem Tisch mit Menschen sitzt, die er liebt, ob er ein Sandwich oder ein k\u00f6stliches Gericht zu sich nehmen wird, die Magie dieses Moments ist immer die gleiche: Was uns umgibt, hat kein Gewicht mehr, Der Geist entspannt [&hellip;]\" \/>\n<meta property=\"og:url\" content=\"https:\/\/www.pinsastore.it\/de\/ueber-uns\/\" \/>\n<meta property=\"og:site_name\" content=\"Pinsa Store\" \/>\n<meta property=\"article:publisher\" content=\"https:\/\/www.facebook.com\/pinsastore\" \/>\n<meta property=\"article:modified_time\" content=\"2023-12-04T16:32:37+00:00\" \/>\n<meta property=\"og:image\" content=\"https:\/\/www.pinsastore.it\/wp-content\/uploads\/home\/slide\/slide-01.jpg\" \/>\n\t<meta property=\"og:image:width\" content=\"1600\" \/>\n\t<meta property=\"og:image:height\" content=\"900\" \/>\n\t<meta property=\"og:image:type\" content=\"image\/jpeg\" \/>\n<meta name=\"twitter:card\" content=\"summary_large_image\" \/>\n<meta name=\"twitter:site\" content=\"@piaceripalato\" \/>\n<meta name=\"twitter:label1\" content=\"Gesch\u00e4tzte Lesezeit\" \/>\n\t<meta name=\"twitter:data1\" content=\"3\u00a0Minuten\" \/>\n<script type=\"application\/ld+json\" class=\"yoast-schema-graph\">{\"@context\":\"https:\\\/\\\/schema.org\",\"@graph\":[{\"@type\":\"WebPage\",\"@id\":\"https:\\\/\\\/www.pinsastore.it\\\/de\\\/ueber-uns\\\/\",\"url\":\"https:\\\/\\\/www.pinsastore.it\\\/de\\\/ueber-uns\\\/\",\"name\":\"\u00dcber Uns - Pinsa Store\",\"isPartOf\":{\"@id\":\"https:\\\/\\\/www.pinsastore.it\\\/de\\\/#website\"},\"datePublished\":\"2019-07-24T12:35:27+00:00\",\"dateModified\":\"2023-12-04T16:32:37+00:00\",\"breadcrumb\":{\"@id\":\"https:\\\/\\\/www.pinsastore.it\\\/de\\\/ueber-uns\\\/#breadcrumb\"},\"inLanguage\":\"de\",\"potentialAction\":[{\"@type\":\"ReadAction\",\"target\":[\"https:\\\/\\\/www.pinsastore.it\\\/de\\\/ueber-uns\\\/\"]}]},{\"@type\":\"BreadcrumbList\",\"@id\":\"https:\\\/\\\/www.pinsastore.it\\\/de\\\/ueber-uns\\\/#breadcrumb\",\"itemListElement\":[{\"@type\":\"ListItem\",\"position\":1,\"name\":\"Startseite\",\"item\":\"https:\\\/\\\/www.pinsastore.it\\\/de\\\/\"},{\"@type\":\"ListItem\",\"position\":2,\"name\":\"\u00dcber Uns\"}]},{\"@type\":\"WebSite\",\"@id\":\"https:\\\/\\\/www.pinsastore.it\\\/de\\\/#website\",\"url\":\"https:\\\/\\\/www.pinsastore.it\\\/de\\\/\",\"name\":\"Pinsa Store\",\"description\":\"Dein Online-Pinsa-Shop\",\"potentialAction\":[{\"@type\":\"SearchAction\",\"target\":{\"@type\":\"EntryPoint\",\"urlTemplate\":\"https:\\\/\\\/www.pinsastore.it\\\/de\\\/?s={search_term_string}\"},\"query-input\":{\"@type\":\"PropertyValueSpecification\",\"valueRequired\":true,\"valueName\":\"search_term_string\"}}],\"inLanguage\":\"de\"}]}<\/script>\n<!-- \/ Yoast SEO plugin. -->","yoast_head_json":{"title":"\u00dcber Uns - Pinsa Store","robots":{"index":"index","follow":"follow","max-snippet":"max-snippet:-1","max-image-preview":"max-image-preview:large","max-video-preview":"max-video-preview:-1"},"canonical":"https:\/\/www.pinsastore.it\/de\/ueber-uns\/","og_locale":"de_DE","og_type":"article","og_title":"\u00dcber Uns - Pinsa Store","og_description":"Das Vergn\u00fcgen, zu Hause zu essen Der sch\u00f6nste Moment im Alltag eines Mannes ist, wenn er an einem Tisch mit Menschen sitzt, die er liebt, ob er ein Sandwich oder ein k\u00f6stliches Gericht zu sich nehmen wird, die Magie dieses Moments ist immer die gleiche: Was uns umgibt, hat kein Gewicht mehr, Der Geist entspannt [&hellip;]","og_url":"https:\/\/www.pinsastore.it\/de\/ueber-uns\/","og_site_name":"Pinsa Store","article_publisher":"https:\/\/www.facebook.com\/pinsastore","article_modified_time":"2023-12-04T16:32:37+00:00","og_image":[{"width":1600,"height":900,"url":"https:\/\/www.pinsastore.it\/wp-content\/uploads\/home\/slide\/slide-01.jpg","type":"image\/jpeg"}],"twitter_card":"summary_large_image","twitter_site":"@piaceripalato","twitter_misc":{"Gesch\u00e4tzte Lesezeit":"3\u00a0Minuten"},"schema":{"@context":"https:\/\/schema.org","@graph":[{"@type":"WebPage","@id":"https:\/\/www.pinsastore.it\/de\/ueber-uns\/","url":"https:\/\/www.pinsastore.it\/de\/ueber-uns\/","name":"\u00dcber Uns - Pinsa Store","isPartOf":{"@id":"https:\/\/www.pinsastore.it\/de\/#website"},"datePublished":"2019-07-24T12:35:27+00:00","dateModified":"2023-12-04T16:32:37+00:00","breadcrumb":{"@id":"https:\/\/www.pinsastore.it\/de\/ueber-uns\/#breadcrumb"},"inLanguage":"de","potentialAction":[{"@type":"ReadAction","target":["https:\/\/www.pinsastore.it\/de\/ueber-uns\/"]}]},{"@type":"BreadcrumbList","@id":"https:\/\/www.pinsastore.it\/de\/ueber-uns\/#breadcrumb","itemListElement":[{"@type":"ListItem","position":1,"name":"Startseite","item":"https:\/\/www.pinsastore.it\/de\/"},{"@type":"ListItem","position":2,"name":"\u00dcber Uns"}]},{"@type":"WebSite","@id":"https:\/\/www.pinsastore.it\/de\/#website","url":"https:\/\/www.pinsastore.it\/de\/","name":"Pinsa Store","description":"Dein Online-Pinsa-Shop","potentialAction":[{"@type":"SearchAction","target":{"@type":"EntryPoint","urlTemplate":"https:\/\/www.pinsastore.it\/de\/?s={search_term_string}"},"query-input":{"@type":"PropertyValueSpecification","valueRequired":true,"valueName":"search_term_string"}}],"inLanguage":"de"}]}},"_links":{"self":[{"href":"https:\/\/www.pinsastore.it\/de\/wp-json\/wp\/v2\/pages\/5826","targetHints":{"allow":["GET"]}}],"collection":[{"href":"https:\/\/www.pinsastore.it\/de\/wp-json\/wp\/v2\/pages"}],"about":[{"href":"https:\/\/www.pinsastore.it\/de\/wp-json\/wp\/v2\/types\/page"}],"author":[{"embeddable":true,"href":"https:\/\/www.pinsastore.it\/de\/wp-json\/wp\/v2\/users\/1"}],"replies":[{"embeddable":true,"href":"https:\/\/www.pinsastore.it\/de\/wp-json\/wp\/v2\/comments?post=5826"}],"version-history":[{"count":0,"href":"https:\/\/www.pinsastore.it\/de\/wp-json\/wp\/v2\/pages\/5826\/revisions"}],"wp:attachment":[{"href":"https:\/\/www.pinsastore.it\/de\/wp-json\/wp\/v2\/media?parent=5826"}],"curies":[{"name":"wp","href":"https:\/\/api.w.org\/{rel}","templated":true}]}}