{"id":5830,"date":"2019-10-07T16:31:36","date_gmt":"2019-10-07T14:31:36","guid":{"rendered":"https:\/\/www.pinsastore.it\/?page_id=5830"},"modified":"2023-12-05T10:34:28","modified_gmt":"2023-12-05T09:34:28","slug":"versand","status":"publish","type":"page","link":"https:\/\/www.pinsastore.it\/de\/versand\/","title":{"rendered":"Versand"},"content":{"rendered":"\n<h4 class=\"wp-block-heading\">Versand in ganz Italien<\/h4>\n\n\n\n<p>Unsere Produkte werden in lebensmittelechten Polystyrolbeh\u00e4ltern versendet.<\/p>\n\n\n\n<p>Die Lagerung muss bei kontrollierter Temperatur erfolgen, sie kann bei Raumtemperatur, jedoch nicht l\u00e4nger als 48 Stunden, belassen werden (aus diesem Grund werden sie per Kurier in einfachen Spezialbeh\u00e4ltern verschickt, um thermischen Schwankungen vorzubeugen, sie m\u00fcssen dann aber aufbewahrt werden). in den K\u00fchlschrank gestellt werden).&lt; \/p&gt;<\/p>\n\n\n\n<p>Wir versenden im gesamten Staatsgebiet f\u00fcr 10 \u20ac f\u00fcr jede Menge (einschlie\u00dflich Inseln).<\/p>\n\n\n\n<h4 class=\"wp-block-heading\">Kostenloser Versand ab 22,00 \u20ac<\/h4>\n\n\n\n<p>Bei Eink\u00e4ufen \u00fcber 22,00 \u20ac bieten wir kostenlosen Versand in ganz Italien, einschlie\u00dflich der Inseln.<\/p>\n\n\n\n<p>Alle Eink\u00e4ufe werden von Montag bis Freitag, au\u00dfer an Feiertagen und nationalen Feiertagen, per Expresskurier (im Folgenden \u201eKurier\u201c) zugestellt. Bestellungen k\u00f6nnen von Montag bis Mittwoch aufgegeben werden und erreichen ihr Ziel noch in derselben Woche.<\/p>\n\n\n\n<p>Hinweis: Bestellungen werden auch dann angenommen, wenn sie an den folgenden Tagen und am Wochenende aufgegeben werden, erreichen ihr Ziel jedoch in der darauffolgenden Woche.<\/p>\n\n\n\n<p>PINSA STORE ist nicht verantwortlich f\u00fcr Verz\u00f6gerungen, die nicht vorhersehbar sind oder nicht darauf zur\u00fcckzuf\u00fchren sind.<\/p>\n\n\n\n<p>Sobald die Produkte versandt wurden, erh\u00e4lt der Kunde eine Best\u00e4tigungs-E-Mail, die einen Link zur Sendungsverfolgung enth\u00e4lt.<\/p>\n\n\n\n<p>In jedem Fall, au\u00dfer in F\u00e4llen h\u00f6herer Gewalt oder unvorhersehbarer Umst\u00e4nde, werden die bestellten Produkte innerhalb von 7 (sieben) Werktagen geliefert, beginnend mit dem Tag, der auf den Tag folgt, an dem PINSA STORE dem Kunden die Bestellung \u00fcber eine bestimmte Frist best\u00e4tigt hat Bestellbest\u00e4tigungs-E-Mail.<\/p>\n\n\n\n<p>Aktive Lieferdienste in Italien: <strong>SDA<\/strong>.<\/p>\n\n\n\n<p>Der Service beinhaltet 2 Zustellversuche an die zum Zeitpunkt der Bestellung angegebene Adresse. Nach jedem Schritt wird eine Benachrichtigung hinterlassen. Nach dem zweiten erfolglosen Zustellversuch kontaktiert der Kurier den Empf\u00e4nger der Bestellung telefonisch unter der angegebenen Telefonnummer, um die Zustellung zu vereinbaren. Sollte diese nicht nachvollziehbar sein oder fehlen, wird die Ware ins Lager zur\u00fcckgesendet.<\/p>\n","protected":false},"excerpt":{"rendered":"<p>Versand in ganz Italien Unsere Produkte werden in lebensmittelechten Polystyrolbeh\u00e4ltern versendet. Die Lagerung muss bei kontrollierter Temperatur erfolgen, sie kann bei Raumtemperatur, jedoch nicht l\u00e4nger als 48 Stunden, belassen werden (aus diesem Grund werden sie per Kurier in einfachen Spezialbeh\u00e4ltern verschickt, um thermischen Schwankungen vorzubeugen, sie m\u00fcssen dann aber aufbewahrt werden). in den K\u00fchlschrank gestellt [&hellip;]<\/p>\n","protected":false},"author":1,"featured_media":0,"parent":0,"menu_order":42,"comment_status":"closed","ping_status":"closed","template":"","meta":{"inline_featured_image":false,"footnotes":""},"class_list":["post-5830","page","type-page","status-publish","hentry"],"yoast_head":"<!-- This site is optimized with the Yoast SEO plugin v27.5 - https:\/\/yoast.com\/product\/yoast-seo-wordpress\/ -->\n<title>Versand - Pinsa Store<\/title>\n<meta name=\"robots\" content=\"index, follow, max-snippet:-1, max-image-preview:large, max-video-preview:-1\" \/>\n<link rel=\"canonical\" href=\"https:\/\/www.pinsastore.it\/de\/versand\/\" \/>\n<meta property=\"og:locale\" content=\"de_DE\" \/>\n<meta property=\"og:type\" content=\"article\" \/>\n<meta property=\"og:title\" content=\"Versand - Pinsa Store\" \/>\n<meta property=\"og:description\" content=\"Versand in ganz Italien Unsere Produkte werden in lebensmittelechten Polystyrolbeh\u00e4ltern versendet. Die Lagerung muss bei kontrollierter Temperatur erfolgen, sie kann bei Raumtemperatur, jedoch nicht l\u00e4nger als 48 Stunden, belassen werden (aus diesem Grund werden sie per Kurier in einfachen Spezialbeh\u00e4ltern verschickt, um thermischen Schwankungen vorzubeugen, sie m\u00fcssen dann aber aufbewahrt werden). in den K\u00fchlschrank gestellt [&hellip;]\" \/>\n<meta property=\"og:url\" content=\"https:\/\/www.pinsastore.it\/de\/versand\/\" \/>\n<meta property=\"og:site_name\" content=\"Pinsa Store\" \/>\n<meta property=\"article:publisher\" content=\"https:\/\/www.facebook.com\/pinsastore\" \/>\n<meta property=\"article:modified_time\" content=\"2023-12-05T09:34:28+00:00\" \/>\n<meta property=\"og:image\" content=\"https:\/\/www.pinsastore.it\/wp-content\/uploads\/home\/slide\/slide-01.jpg\" \/>\n\t<meta property=\"og:image:width\" content=\"1600\" \/>\n\t<meta property=\"og:image:height\" content=\"900\" \/>\n\t<meta property=\"og:image:type\" content=\"image\/jpeg\" \/>\n<meta name=\"twitter:card\" content=\"summary_large_image\" \/>\n<meta name=\"twitter:site\" content=\"@piaceripalato\" \/>\n<meta name=\"twitter:label1\" content=\"Gesch\u00e4tzte Lesezeit\" \/>\n\t<meta name=\"twitter:data1\" content=\"2\u00a0Minuten\" \/>\n<script type=\"application\/ld+json\" class=\"yoast-schema-graph\">{\"@context\":\"https:\\\/\\\/schema.org\",\"@graph\":[{\"@type\":\"WebPage\",\"@id\":\"https:\\\/\\\/www.pinsastore.it\\\/de\\\/versand\\\/\",\"url\":\"https:\\\/\\\/www.pinsastore.it\\\/de\\\/versand\\\/\",\"name\":\"Versand - Pinsa Store\",\"isPartOf\":{\"@id\":\"https:\\\/\\\/www.pinsastore.it\\\/de\\\/#website\"},\"datePublished\":\"2019-10-07T14:31:36+00:00\",\"dateModified\":\"2023-12-05T09:34:28+00:00\",\"breadcrumb\":{\"@id\":\"https:\\\/\\\/www.pinsastore.it\\\/de\\\/versand\\\/#breadcrumb\"},\"inLanguage\":\"de\",\"potentialAction\":[{\"@type\":\"ReadAction\",\"target\":[\"https:\\\/\\\/www.pinsastore.it\\\/de\\\/versand\\\/\"]}]},{\"@type\":\"BreadcrumbList\",\"@id\":\"https:\\\/\\\/www.pinsastore.it\\\/de\\\/versand\\\/#breadcrumb\",\"itemListElement\":[{\"@type\":\"ListItem\",\"position\":1,\"name\":\"Startseite\",\"item\":\"https:\\\/\\\/www.pinsastore.it\\\/de\\\/\"},{\"@type\":\"ListItem\",\"position\":2,\"name\":\"Versand\"}]},{\"@type\":\"WebSite\",\"@id\":\"https:\\\/\\\/www.pinsastore.it\\\/de\\\/#website\",\"url\":\"https:\\\/\\\/www.pinsastore.it\\\/de\\\/\",\"name\":\"Pinsa Store\",\"description\":\"Dein Online-Pinsa-Shop\",\"potentialAction\":[{\"@type\":\"SearchAction\",\"target\":{\"@type\":\"EntryPoint\",\"urlTemplate\":\"https:\\\/\\\/www.pinsastore.it\\\/de\\\/?s={search_term_string}\"},\"query-input\":{\"@type\":\"PropertyValueSpecification\",\"valueRequired\":true,\"valueName\":\"search_term_string\"}}],\"inLanguage\":\"de\"}]}<\/script>\n<!-- \/ Yoast SEO plugin. -->","yoast_head_json":{"title":"Versand - Pinsa Store","robots":{"index":"index","follow":"follow","max-snippet":"max-snippet:-1","max-image-preview":"max-image-preview:large","max-video-preview":"max-video-preview:-1"},"canonical":"https:\/\/www.pinsastore.it\/de\/versand\/","og_locale":"de_DE","og_type":"article","og_title":"Versand - Pinsa Store","og_description":"Versand in ganz Italien Unsere Produkte werden in lebensmittelechten Polystyrolbeh\u00e4ltern versendet. Die Lagerung muss bei kontrollierter Temperatur erfolgen, sie kann bei Raumtemperatur, jedoch nicht l\u00e4nger als 48 Stunden, belassen werden (aus diesem Grund werden sie per Kurier in einfachen Spezialbeh\u00e4ltern verschickt, um thermischen Schwankungen vorzubeugen, sie m\u00fcssen dann aber aufbewahrt werden). in den K\u00fchlschrank gestellt [&hellip;]","og_url":"https:\/\/www.pinsastore.it\/de\/versand\/","og_site_name":"Pinsa Store","article_publisher":"https:\/\/www.facebook.com\/pinsastore","article_modified_time":"2023-12-05T09:34:28+00:00","og_image":[{"width":1600,"height":900,"url":"https:\/\/www.pinsastore.it\/wp-content\/uploads\/home\/slide\/slide-01.jpg","type":"image\/jpeg"}],"twitter_card":"summary_large_image","twitter_site":"@piaceripalato","twitter_misc":{"Gesch\u00e4tzte Lesezeit":"2\u00a0Minuten"},"schema":{"@context":"https:\/\/schema.org","@graph":[{"@type":"WebPage","@id":"https:\/\/www.pinsastore.it\/de\/versand\/","url":"https:\/\/www.pinsastore.it\/de\/versand\/","name":"Versand - Pinsa Store","isPartOf":{"@id":"https:\/\/www.pinsastore.it\/de\/#website"},"datePublished":"2019-10-07T14:31:36+00:00","dateModified":"2023-12-05T09:34:28+00:00","breadcrumb":{"@id":"https:\/\/www.pinsastore.it\/de\/versand\/#breadcrumb"},"inLanguage":"de","potentialAction":[{"@type":"ReadAction","target":["https:\/\/www.pinsastore.it\/de\/versand\/"]}]},{"@type":"BreadcrumbList","@id":"https:\/\/www.pinsastore.it\/de\/versand\/#breadcrumb","itemListElement":[{"@type":"ListItem","position":1,"name":"Startseite","item":"https:\/\/www.pinsastore.it\/de\/"},{"@type":"ListItem","position":2,"name":"Versand"}]},{"@type":"WebSite","@id":"https:\/\/www.pinsastore.it\/de\/#website","url":"https:\/\/www.pinsastore.it\/de\/","name":"Pinsa Store","description":"Dein Online-Pinsa-Shop","potentialAction":[{"@type":"SearchAction","target":{"@type":"EntryPoint","urlTemplate":"https:\/\/www.pinsastore.it\/de\/?s={search_term_string}"},"query-input":{"@type":"PropertyValueSpecification","valueRequired":true,"valueName":"search_term_string"}}],"inLanguage":"de"}]}},"_links":{"self":[{"href":"https:\/\/www.pinsastore.it\/de\/wp-json\/wp\/v2\/pages\/5830","targetHints":{"allow":["GET"]}}],"collection":[{"href":"https:\/\/www.pinsastore.it\/de\/wp-json\/wp\/v2\/pages"}],"about":[{"href":"https:\/\/www.pinsastore.it\/de\/wp-json\/wp\/v2\/types\/page"}],"author":[{"embeddable":true,"href":"https:\/\/www.pinsastore.it\/de\/wp-json\/wp\/v2\/users\/1"}],"replies":[{"embeddable":true,"href":"https:\/\/www.pinsastore.it\/de\/wp-json\/wp\/v2\/comments?post=5830"}],"version-history":[{"count":0,"href":"https:\/\/www.pinsastore.it\/de\/wp-json\/wp\/v2\/pages\/5830\/revisions"}],"wp:attachment":[{"href":"https:\/\/www.pinsastore.it\/de\/wp-json\/wp\/v2\/media?parent=5830"}],"curies":[{"name":"wp","href":"https:\/\/api.w.org\/{rel}","templated":true}]}}