{"id":5831,"date":"2019-07-18T10:59:09","date_gmt":"2019-07-18T08:59:09","guid":{"rendered":"https:\/\/www.pinsastore.it\/?page_id=5831"},"modified":"2023-12-05T10:51:24","modified_gmt":"2023-12-05T09:51:24","slug":"datenschutzrichtlinie","status":"publish","type":"page","link":"https:\/\/www.pinsastore.it\/de\/datenschutzrichtlinie\/","title":{"rendered":"Datenschutzrichtlinie"},"content":{"rendered":"\n<h3 class=\"wp-block-heading\">Informationen zur Verarbeitung personenbezogener Daten<\/h3>\n\n\n\n<p>PIACERI DEL PALATO S.R.L. mit Sitz in CONTRADA TOPPOLO, 83035 GROTTAMINARDA (AV), (im Folgenden \u201eEigent\u00fcmer\u201c), als Datenverantwortlicher, informiert Sie gem\u00e4\u00df Art. 13 Gesetzesdekret vom 30.06.2003 n. 196 (im Folgenden \u201eDatenschutzkodex\u201c) und Kunst. 13 EU-Verordnung Nr. 2016\/679 (im Folgenden \u201eDSGVO\u201c), dass Ihre Daten auf folgende Weise und f\u00fcr folgende Zwecke verarbeitet werden:<\/p>\n\n\n\n<h4 class=\"wp-block-heading\">Gegenstand der Verarbeitung<\/h4>\n\n\n\n<p>Der Datenverantwortliche verarbeitet personenbezogene, identifizierende Daten (z. B. Vor- und Nachname, Firmenname, Adresse, Telefon, E-Mail, Bank- und Zahlungsdaten) \u2013 im Folgenden \u201epersonenbezogene Daten\u201c oder auch \u201eDaten\u201c), die ihm mitgeteilt werden Ihnen beim Abschluss von Vertr\u00e4gen \u00fcber die Dienstleistungen des Datenverantwortlichen.<\/p>\n\n\n\n<h4 class=\"wp-block-heading\">Zweck der Verarbeitung<\/h4>\n\n\n\n<p>Ihre personenbezogenen Daten werden verarbeitet:<\/p>\n\n\n\n<p>Ohne Ihre ausdr\u00fcckliche Zustimmung (Art. 24 Buchstabe a), b), c) Datenschutzgesetz und Art. 6 Bst. b), e) DSGVO), f\u00fcr die folgenden Servicezwecke:<\/p>\n\n\n\n<ul class=\"wp-block-list\">\n<li>Vertr\u00e4ge \u00fcber die Leistungen des Eigent\u00fcmers abschlie\u00dfen;<\/li>\n\n\n\n<li>Erf\u00fcllung vorvertraglicher, vertraglicher und steuerlicher Pflichten aus bestehenden Beziehungen mit Ihnen;<\/li>\n\n\n\n<li>Erf\u00fcllung der durch Gesetz, Verordnung, Gemeinschaftsgesetzgebung oder Anordnung der Beh\u00f6rde festgelegten Verpflichtungen (z. B. im Bereich der Geldw\u00e4schebek\u00e4mpfung);<\/li>\n\n\n\n<li>die Rechte des Eigent\u00fcmers aus\u00fcben, beispielsweise das Recht auf Verteidigung vor Gericht;<\/li>\n<\/ul>\n\n\n\n<p>Wir informieren Sie dar\u00fcber, dass wir Ihnen, wenn Sie bereits unser Kunde sind, kommerzielle Mitteilungen zu Dienstleistungen und Produkten des Eigent\u00fcmers senden k\u00f6nnen, die denen \u00e4hneln, die Sie bereits genutzt haben, sofern Sie nicht damit einverstanden sind (Art. 130 c. 4 Datenschutz). Code).<\/p>\n\n\n\n<h4 class=\"wp-block-heading\">Behandlungsmethoden<\/h4>\n\n\n\n<p>Die Verarbeitung Ihrer personenbezogenen Daten erfolgt mittels der im Art. genannten Vorg\u00e4nge. 4 Datenschutzgesetz und Kunst. 4&nbsp;Nr. 2) DSGVO und zwar: Erhebung, Aufzeichnung, Organisation, Speicherung, Abfrage, Verarbeitung, \u00c4nderung, Auswahl, Extraktion, Vergleich, Nutzung, Verkn\u00fcpfung, Sperrung, \u00dcbermittlung, L\u00f6schung und Vernichtung von Daten. Ihre personenbezogenen Daten werden sowohl in Papierform als auch elektronisch und\/oder automatisiert verarbeitet.<\/p>\n\n\n\n<p>Der Datenverantwortliche verarbeitet personenbezogene Daten f\u00fcr die Zeit, die zur Erf\u00fcllung der oben genannten Zwecke erforderlich ist, in jedem Fall jedoch nicht l\u00e4nger als 10 Jahre nach Beendigung der Beziehung f\u00fcr die Dienstleistungszwecke.<\/p>\n\n\n\n<h4 class=\"wp-block-heading\">Datenzugriff<\/h4>\n\n\n\n<p>Ihre Daten k\u00f6nnen f\u00fcr die in der Art. genannten Zwecke zug\u00e4nglich gemacht werden. 2.A):<\/p>\n\n\n\n<ul class=\"wp-block-list\">\n<li>an Mitarbeiter und Mitarbeiter des Eigent\u00fcmers oder von mit PIACERI DEL PALATO S.R.L. verbundenen Unternehmen. in ihrer Eigenschaft als interne Datenverarbeiter und\/oder Manager und\/oder Systemadministratoren;<\/li>\n\n\n\n<li>an Drittunternehmen oder andere Subjekte (z. B. Kreditinstitute, Berufsfirmen, Berater, Versicherungsgesellschaften zur Erbringung von Versicherungsdienstleistungen usw.), die in ihrer Eigenschaft im Namen des Datenverantwortlichen ausgelagerte T\u00e4tigkeiten ausf\u00fchren als externe Datenverantwortliche.<\/li>\n<\/ul>\n\n\n\n<h4 class=\"wp-block-heading\">Datenkommunikation<\/h4>\n\n\n\n<p>Ohne die Notwendigkeit einer ausdr\u00fccklichen Einwilligung (ex Art. 24 Buchst. a), b), d) Datenschutzgesetz und Art. 6 Bst. b) und c) DSGVO) kann der Datenverantwortliche Ihre Daten f\u00fcr die in der Kunst genannten Zwecke weitergeben. 2.A) an Aufsichtsbeh\u00f6rden, Justizbeh\u00f6rden, an Versicherungsunternehmen zur Erbringung von Versicherungsdienstleistungen sowie an Personen, an die die Kommunikation zur Erf\u00fcllung der oben genannten Zwecke gesetzlich vorgeschrieben ist. Diese Personen verarbeiten die Daten in ihrer Eigenschaft als unabh\u00e4ngige Datenverantwortliche.<\/p>\n\n\n\n<p>Ihre Daten werden nicht weitergegeben.<\/p>\n\n\n\n<h4 class=\"wp-block-heading\">Daten\u00fcbertragung<\/h4>\n\n\n\n<p>Personenbezogene Daten werden auf Unternehmensservern innerhalb der Europ\u00e4ischen Union gespeichert. In jedem Fall wird davon ausgegangen, dass der Eigent\u00fcmer bei Bedarf das Recht hat, die Server auch au\u00dferhalb der EU zu verlegen. In diesem Fall stellt der Datenverantwortliche hiermit sicher, dass die \u00dcbermittlung von Nicht-EU-Daten im Einklang mit den geltenden Rechtsvorschriften und vorbehaltlich der Festlegung der von der Europ\u00e4ischen Kommission vorgesehenen Standardvertragsklauseln erfolgt.<\/p>\n\n\n\n<h4 class=\"wp-block-heading\">Art der Datenbereitstellung und Folgen einer Antwortverweigerung<\/h4>\n\n\n\n<p>Die Bereitstellung von Daten f\u00fcr die in Art. 1 genannten Zwecke. 2.A) ist zwingend erforderlich. Ohne deren Abwesenheit k\u00f6nnen wir die Dienstleistungen der Kunst nicht garantieren. 2.A).<\/p>\n\n\n\n<h4 class=\"wp-block-heading\">Rechte des Interessenten<\/h4>\n\n\n\n<p>Gem\u00e4\u00df der europ\u00e4ischen Verordnung 679\/2016 (DSGVO) und den nationalen Rechtsvorschriften kann der Interessent gem\u00e4\u00df den in der geltenden Gesetzgebung festgelegten Methoden und Grenzen die folgenden Rechte aus\u00fcben:<\/p>\n\n\n\n<ul class=\"wp-block-list\">\n<li>eine Best\u00e4tigung \u00fcber das Vorhandensein der ihn betreffenden personenbezogenen Daten anfordern (Auskunftsrecht);<\/li>\n\n\n\n<li>den Ursprung kennen;<\/li>\n\n\n\n<li>verst\u00e4ndliche Kommunikation erhalten;<\/li>\n\n\n\n<li>Informationen \u00fcber die Logik, Methoden und Zwecke der Verarbeitung haben;<\/li>\n\n\n\n<li>Antrag auf Aktualisierung, Berichtigung, Erg\u00e4nzung, L\u00f6schung, Umwandlung in anonyme Form, Sperrung der Daten, die unter Versto\u00df gegen das Gesetz verarbeitet werden, einschlie\u00dflich der Daten, die f\u00fcr die Verfolgung der Zwecke, f\u00fcr die sie erhoben wurden, nicht mehr erforderlich sind;<\/li>\n\n\n\n<li>Recht auf Einschr\u00e4nkung und\/oder Widerspruch gegen die Verarbeitung der ihn betreffenden Daten;<\/li>\n\n\n\n<li>Widerrufsrecht;<\/li>\n\n\n\n<li>Recht auf Daten\u00fcbertragbarkeit;<\/li>\n\n\n\n<li>Im Falle einer Verarbeitung, die auf einer Einwilligung beruht, erhalten Sie Ihre dem Eigent\u00fcmer zur Verf\u00fcgung gestellten Daten in einer strukturierten und lesbaren Form von einem Datenverarbeiter und in einem Format, das \u00fcblicherweise von einem elektronischen Ger\u00e4t verwendet wird;<\/li>\n\n\n\n<li>das Recht, eine Beschwerde bei der Aufsichtsbeh\u00f6rde einzureichen.<\/li>\n<\/ul>\n\n\n\n<h4 class=\"wp-block-heading\">Wie man Rechte aus\u00fcbt<\/h4>\n\n\n\n<p>Sie k\u00f6nnen Ihre Rechte jederzeit aus\u00fcben, indem Sie Folgendes senden:<\/p>\n\n\n\n<ul class=\"wp-block-list\">\n<li>ein eingeschriebener Brief mit R\u00fcckschein. an PIACERI DEL PALATO S.R.L. in CONTRADA TOPPOLO, 83035 GRPTTAMINARDA (AV);<\/li>\n\n\n\n<li>eine E-Mail an die Adresse: <a href=\"mailto:piaceridelpalato@pec.it\">piaceridelpalato@pec.it<\/a>;<\/li>\n\n\n\n<li>Telefon: +39 3356146322.<\/li>\n<\/ul>\n\n\n\n<h4 class=\"wp-block-heading\">Eigent\u00fcmer, Manager und Beauftragte<\/h4>\n\n\n\n<p>Der Datenverantwortliche ist PIACERI DEL PALATO S.R.L. und der gesetzliche Vertreter GIOVANNI UVA.<\/p>\n\n\n\n<h3 class=\"wp-block-heading\" id=\"cookie\">Cookie-Richtlinie<\/h3>\n\n\n\n<h4 class=\"wp-block-heading\">Was sind Cookies?<\/h4>\n\n\n\n<p>Ein Cookie ist eine kleine Datenmenge, die vom Webserver an den Browser des Benutzers gesendet und vom Browser auf dem Ger\u00e4t des Benutzers (Computer, Tablet, Mobiltelefon usw.) gespeichert wird. Sie kann gelesen oder anschlie\u00dfend abgerufen werden vom Server selbst. Dadurch kann das Webportal einige n\u00fctzliche Informationen innerhalb einer Sitzung oder bei sp\u00e4teren Zugriffen des Benutzers speichern.<\/p>\n\n\n\n<h4 class=\"wp-block-heading\">Verwendung von Cookies im Portal?<\/h4>\n\n\n\n<p>Ja. Cookies werden verwendet, um die Website zu verbessern und den Benutzern Dienste und Funktionen bereitzustellen. Sie k\u00f6nnen die Verwendung von Cookies \u00fcber Ihren Webbrowser einschr\u00e4nken oder deaktivieren. In diesem Fall kann es jedoch sein, dass auf einige Funktionen nicht mehr zugegriffen werden kann.<\/p>\n\n\n\n<h4 class=\"wp-block-heading\">Warum verwenden wir Cookies?<\/h4>\n\n\n\n<p>Cookies k\u00f6nnen aus verschiedenen Gr\u00fcnden verwendet werden. In einigen Teilen des Portals sind Cookies unerl\u00e4sslich und ohne sie k\u00f6nnten Sie beispielsweise nicht richtig navigieren.<\/p>\n\n\n\n<p>In anderen Teilen werden sie verwendet, um n\u00fctzliche Informationen f\u00fcr die Bereitstellung bestimmter Dienste zu erhalten. Dar\u00fcber hinaus m\u00fcssen einige externe Dienste (Dritte) m\u00f6glicherweise spezielle Cookies im Browser des Benutzers installieren, um die entsprechenden Dienste bereitzustellen.<\/p>\n\n\n\n<h4 class=\"wp-block-heading\">Welche Arten von Cookies werden auf unserem Portal verwendet?<\/h4>\n\n\n\n<h5 class=\"wp-block-heading\">Technische Cookies<\/h5>\n\n\n\n<p>Technische Cookies werden ausschlie\u00dflich zu dem Zweck verwendet, \u201edie \u00dcbertragung einer Kommunikation \u00fcber ein elektronisches Kommunikationsnetz durchzuf\u00fchren, oder soweit dies f\u00fcr den Anbieter eines vom Abonnenten oder Benutzer ausdr\u00fccklich angeforderten Dienstes der Informationsgesellschaft unbedingt erforderlich ist\u201c. Bereitstellung dieses Dienstes\u201c (siehe Art. 122, Absatz 1, des Datenschutzgesetzes). Sie werden nicht f\u00fcr andere Zwecke verwendet und normalerweise direkt vom Eigent\u00fcmer oder Manager der Website installiert. Sie k\u00f6nnen unterteilt werden in:<\/p>\n\n\n\n<h5 class=\"wp-block-heading\">Navigations- oder Sitzungscookies<\/h5>\n\n\n\n<p>Sie werden verwendet, um Daten aufzuzeichnen, die f\u00fcr die normale Navigation und Nutzung der Website auf dem Computer des Benutzers n\u00fctzlich sind (um beispielsweise die bevorzugte Gr\u00f6\u00dfe der Seite in einer Liste zu speichern). Diese Cookies k\u00f6nnen dann anhand ihrer Best\u00e4ndigkeit auf dem Computer des Benutzers unterschieden werden: Diejenigen, die am Ende jeder Navigation automatisch gel\u00f6scht werden, werden als Sitzungscookies bezeichnet. Wenn sie hingegen eine l\u00e4ngere Lebensdauer haben, spricht man von permanenten Cookies.<\/p>\n\n\n\n<h5 class=\"wp-block-heading\">Funktionale Cookies<\/h5>\n\n\n\n<p>Diese Cookies erm\u00f6glichen es dem Portal, sich die vom Benutzer getroffenen Entscheidungen zu merken, um die Funktionalit\u00e4t zu optimieren. Funktionale Cookies erm\u00f6glichen es uns beispielsweise, uns an die spezifischen Einstellungen eines Benutzers zu erinnern, wie z. B. die L\u00e4nderauswahl und, falls festgelegt, den dauerhaften Anmeldestatus.<\/p>\n\n\n\n<h5 class=\"wp-block-heading\">Cookies von Drittanbietern<\/h5>\n\n\n\n<p>Einige Funktionen werden mithilfe der unten aufgef\u00fchrten Dienste von Drittanbietern erstellt.<\/p>\n\n\n\n<p>Diese Dienste erzeugen Cookies, die mit Diensten Dritter verkn\u00fcpft sind. Der Drittanbieter stellt diese Dienste im Austausch f\u00fcr Informationen \u00fcber den Besuch des Benutzers auf unserem Portal bereit. Dies beinhaltet auch die Verpflichtung f\u00fcr Drittanbieter von Cookies, die einschl\u00e4gigen Gesetze einzuhalten. Aus diesem Grund verweisen wir auf die Links auf den Webseiten Dritter, wo der Benutzer die Formulare zur Erfassung der Cookie-Einwilligung und die dazugeh\u00f6rigen Informationen finden kann. Wenn die Dienste \u00fcber indirekte Kontakte mit Dritten bereitgestellt werden, muss der Benutzer die Websites der Subjekte konsultieren, die als Vermittler zwischen uns und denselben Dritten fungieren:<\/p>\n\n\n\n<p>\u2013 YouTube: Die Anzeige von Videos erfolgt \u00fcber den von YouTube angebotenen Dienst.<\/p>\n\n\n\n<p>Datenschutzerkl\u00e4rung: <a href=\"http:\/\/www.google.it\/intl\/it\/policies\/privacy\/\">http:\/\/www.google.it\/intl\/it\/policies\/privacy\/<\/a><\/p>\n\n\n\n<p>\u2013 Google Analytics: Um die angebotenen Informationen und Dienste zu optimieren, nutzt das Portal des Innenministeriums Google Analytics, einen Google-Dienst, der es Ihnen erm\u00f6glicht, das Verhalten von Nutzern online im Hinblick auf Zeiten, geografische Lage und zu verfolgen und zu analysieren Verhalten auf der Website .<\/p>\n\n\n\n<p>Datenschutzerkl\u00e4rung: <a href=\"http:\/\/www.google.it\/intl\/it\/policies\/privacy\/\">http:\/\/www.google.it\/intl\/it\/policies\/privacy\/<\/a><\/p>\n\n\n\n<p>\u2013 \u201eShareThis\u201c-Buttons und Social Widgets von ShareThis (Sharethis Inc): Das Portal des Innenministeriums umfasst auch Funktionen f\u00fcr den Anbieter ShareThis Inc, den \u201eShareThis\u201c-Button und Social Widgets, dabei handelt es sich um Dienste zum Teilen Wenn Sie die wichtigsten sozialen Netzwerke nutzen und mit der von ShareThis Inc. bereitgestellten ShareThis-Plattform interagieren, k\u00f6nnen diese Dienste \u201eCookies\u201c verwenden, die direkt von den Servern von ShareThis Inc. und seinen Partnern generiert werden. Da wir als Herausgeber nicht in der Lage sind, angemessene Informationen bereitzustellen, sind wir daher nicht in der Lage Wir empfehlen Ihnen, den folgenden Link zu besuchen, um Informationen zur Verwendung von Cookies durch den Dienstanbieter\/Lizenznehmer zu erhalten.<\/p>\n\n\n\n<p><a href=\"http:\/\/www.google.it\/intl\/it\/policies\/privacy\/\">Datenschutzerkl\u00e4rung: <\/a><a href=\"http:\/\/www.sharethis.com\/legal\/privacy\/#sthash.oNiQUPLd.dpbs\">http:\/\/www.sharethis.com\/legal\/privacy\/#sthash. oNiQUPLd.dpbs<\/a> &nbsp;(Englische Sprache)<\/p>\n\n\n\n<h4 class=\"wp-block-heading\">Wie kann ich Cookies deaktivieren oder entfernen?<\/h4>\n\n\n\n<p>Die meisten Browser akzeptieren Cookies automatisch, aber Sie k\u00f6nnen Ihren Browser so einstellen, dass er sie entweder automatisch oder auf Anfrage nicht akzeptiert. Wir empfehlen diese Deaktivierung nicht, da das normale Surfen dadurch beeintr\u00e4chtigt werden kann und einige oder alle Funktionen einiger Websites m\u00f6glicherweise nicht verf\u00fcgbar sind. Wenn Sie nicht m\u00f6chten, dass Ihr Computer Cookies empf\u00e4ngt und speichert, k\u00f6nnen Sie die Sicherheitseinstellungen Ihres Browsers \u00e4ndern.<\/p>\n\n\n\n<p>Nachfolgend finden Sie die Adressen der Seiten der jeweiligen Hersteller der g\u00e4ngigsten Browser:<\/p>\n\n\n\n<ul class=\"wp-block-list\">\n<li>Google Chrome <a href=\"https:\/\/support.google.com\/accounts\/answer\/61416?hl=it\">https:\/\/support.google.com\/accounts\/answer\/61416?hl=it<\/a><\/li>\n\n\n\n<li>Mozilla Firefox <a href=\"https:\/\/support.mozilla.org\/it\/kb\/Attivare%20e%20disattivare%20i%20cookie\">https:\/\/support.mozilla.org\/it\/kb\/Attivare %20e%20Cookies deaktivieren<\/a><\/li>\n\n\n\n<li>Windows Internet Explorer <a href=\"http:\/\/windows.microsoft.com\/it-it\/windows7\/block-enable-or-allow-cookies\">http:\/\/windows.microsoft.com\/it- de\/windows7\/block-enable-or-allow-cookies<\/a><\/li>\n\n\n\n<li>Apple Safari <a href=\"https:\/\/support.apple.com\/it-it\/HT201265\">https:\/\/support.apple.com\/it-it\/HT201265<\/a><\/li>\n\n\n\n<li>Opera <a href=\"http:\/\/help.opera.com\/Windows\/10.00\/it\/cookies.html\">http:\/\/help.opera.com\/Windows\/10.00\/it\/cookies.html<\/a><\/li>\n<\/ul>\n\n\n\n<h4 class=\"wp-block-heading\">Regulierungshinweise<\/h4>\n\n\n\n<ul class=\"wp-block-list\">\n<li>Gesetzesdekret vom 30. Juni 2003, Nr. 196. Kodex zum Schutz personenbezogener Daten<\/li>\n\n\n\n<li>GU General Series Nr. 126 vom 3.6.2014. Identifizierung vereinfachter Methoden zur Bereitstellung von Informationen und zur Einholung von Einwilligungen f\u00fcr die Verwendung von Cookies<\/li>\n\n\n\n<li>Europ\u00e4ische Verordnung 2016\/679 (DSGVO) und Gesetzesdekret vom 10. August 2018 Nr. 101.<\/li>\n<\/ul>\n\n\n\n<h4 class=\"wp-block-heading\">Cookies deaktivieren<\/h4>\n\n\n\n<p><a id=\"cookie-button-revoke\" class=\"button-1\" href=\"#\">Cookies deaktivieren<\/a><\/p>\n","protected":false},"excerpt":{"rendered":"<p>Informationen zur Verarbeitung personenbezogener Daten PIACERI DEL PALATO S.R.L. mit Sitz in CONTRADA TOPPOLO, 83035 GROTTAMINARDA (AV), (im Folgenden \u201eEigent\u00fcmer\u201c), als Datenverantwortlicher, informiert Sie gem\u00e4\u00df Art. 13 Gesetzesdekret vom 30.06.2003 n. 196 (im Folgenden \u201eDatenschutzkodex\u201c) und Kunst. 13 EU-Verordnung Nr. 2016\/679 (im Folgenden \u201eDSGVO\u201c), dass Ihre Daten auf folgende Weise und f\u00fcr folgende Zwecke verarbeitet [&hellip;]<\/p>\n","protected":false},"author":1,"featured_media":0,"parent":0,"menu_order":46,"comment_status":"closed","ping_status":"closed","template":"","meta":{"inline_featured_image":false,"footnotes":""},"class_list":["post-5831","page","type-page","status-publish","hentry"],"yoast_head":"<!-- This site is optimized with the Yoast SEO plugin v27.5 - https:\/\/yoast.com\/product\/yoast-seo-wordpress\/ -->\n<title>Datenschutzrichtlinie - Pinsa Store<\/title>\n<meta name=\"robots\" content=\"index, follow, max-snippet:-1, max-image-preview:large, max-video-preview:-1\" \/>\n<link rel=\"canonical\" href=\"https:\/\/www.pinsastore.it\/de\/datenschutzrichtlinie\/\" \/>\n<meta property=\"og:locale\" content=\"de_DE\" \/>\n<meta property=\"og:type\" content=\"article\" \/>\n<meta property=\"og:title\" content=\"Datenschutzrichtlinie - Pinsa Store\" \/>\n<meta property=\"og:description\" content=\"Informationen zur Verarbeitung personenbezogener Daten PIACERI DEL PALATO S.R.L. mit Sitz in CONTRADA TOPPOLO, 83035 GROTTAMINARDA (AV), (im Folgenden \u201eEigent\u00fcmer\u201c), als Datenverantwortlicher, informiert Sie gem\u00e4\u00df Art. 13 Gesetzesdekret vom 30.06.2003 n. 196 (im Folgenden \u201eDatenschutzkodex\u201c) und Kunst. 13 EU-Verordnung Nr. 2016\/679 (im Folgenden \u201eDSGVO\u201c), dass Ihre Daten auf folgende Weise und f\u00fcr folgende Zwecke verarbeitet [&hellip;]\" \/>\n<meta property=\"og:url\" content=\"https:\/\/www.pinsastore.it\/de\/datenschutzrichtlinie\/\" \/>\n<meta property=\"og:site_name\" content=\"Pinsa Store\" \/>\n<meta property=\"article:publisher\" content=\"https:\/\/www.facebook.com\/pinsastore\" \/>\n<meta property=\"article:modified_time\" content=\"2023-12-05T09:51:24+00:00\" \/>\n<meta property=\"og:image\" content=\"https:\/\/www.pinsastore.it\/wp-content\/uploads\/home\/slide\/slide-01.jpg\" \/>\n\t<meta property=\"og:image:width\" content=\"1600\" \/>\n\t<meta property=\"og:image:height\" content=\"900\" \/>\n\t<meta property=\"og:image:type\" content=\"image\/jpeg\" \/>\n<meta name=\"twitter:card\" content=\"summary_large_image\" \/>\n<meta name=\"twitter:site\" content=\"@piaceripalato\" \/>\n<meta name=\"twitter:label1\" content=\"Gesch\u00e4tzte Lesezeit\" \/>\n\t<meta name=\"twitter:data1\" content=\"9\u00a0Minuten\" \/>\n<script type=\"application\/ld+json\" class=\"yoast-schema-graph\">{\"@context\":\"https:\\\/\\\/schema.org\",\"@graph\":[{\"@type\":\"WebPage\",\"@id\":\"https:\\\/\\\/www.pinsastore.it\\\/de\\\/datenschutzrichtlinie\\\/\",\"url\":\"https:\\\/\\\/www.pinsastore.it\\\/de\\\/datenschutzrichtlinie\\\/\",\"name\":\"Datenschutzrichtlinie - Pinsa Store\",\"isPartOf\":{\"@id\":\"https:\\\/\\\/www.pinsastore.it\\\/de\\\/#website\"},\"datePublished\":\"2019-07-18T08:59:09+00:00\",\"dateModified\":\"2023-12-05T09:51:24+00:00\",\"breadcrumb\":{\"@id\":\"https:\\\/\\\/www.pinsastore.it\\\/de\\\/datenschutzrichtlinie\\\/#breadcrumb\"},\"inLanguage\":\"de\",\"potentialAction\":[{\"@type\":\"ReadAction\",\"target\":[\"https:\\\/\\\/www.pinsastore.it\\\/de\\\/datenschutzrichtlinie\\\/\"]}]},{\"@type\":\"BreadcrumbList\",\"@id\":\"https:\\\/\\\/www.pinsastore.it\\\/de\\\/datenschutzrichtlinie\\\/#breadcrumb\",\"itemListElement\":[{\"@type\":\"ListItem\",\"position\":1,\"name\":\"Startseite\",\"item\":\"https:\\\/\\\/www.pinsastore.it\\\/de\\\/\"},{\"@type\":\"ListItem\",\"position\":2,\"name\":\"Datenschutzrichtlinie\"}]},{\"@type\":\"WebSite\",\"@id\":\"https:\\\/\\\/www.pinsastore.it\\\/de\\\/#website\",\"url\":\"https:\\\/\\\/www.pinsastore.it\\\/de\\\/\",\"name\":\"Pinsa Store\",\"description\":\"Dein Online-Pinsa-Shop\",\"potentialAction\":[{\"@type\":\"SearchAction\",\"target\":{\"@type\":\"EntryPoint\",\"urlTemplate\":\"https:\\\/\\\/www.pinsastore.it\\\/de\\\/?s={search_term_string}\"},\"query-input\":{\"@type\":\"PropertyValueSpecification\",\"valueRequired\":true,\"valueName\":\"search_term_string\"}}],\"inLanguage\":\"de\"}]}<\/script>\n<!-- \/ Yoast SEO plugin. -->","yoast_head_json":{"title":"Datenschutzrichtlinie - Pinsa Store","robots":{"index":"index","follow":"follow","max-snippet":"max-snippet:-1","max-image-preview":"max-image-preview:large","max-video-preview":"max-video-preview:-1"},"canonical":"https:\/\/www.pinsastore.it\/de\/datenschutzrichtlinie\/","og_locale":"de_DE","og_type":"article","og_title":"Datenschutzrichtlinie - Pinsa Store","og_description":"Informationen zur Verarbeitung personenbezogener Daten PIACERI DEL PALATO S.R.L. mit Sitz in CONTRADA TOPPOLO, 83035 GROTTAMINARDA (AV), (im Folgenden \u201eEigent\u00fcmer\u201c), als Datenverantwortlicher, informiert Sie gem\u00e4\u00df Art. 13 Gesetzesdekret vom 30.06.2003 n. 196 (im Folgenden \u201eDatenschutzkodex\u201c) und Kunst. 13 EU-Verordnung Nr. 2016\/679 (im Folgenden \u201eDSGVO\u201c), dass Ihre Daten auf folgende Weise und f\u00fcr folgende Zwecke verarbeitet [&hellip;]","og_url":"https:\/\/www.pinsastore.it\/de\/datenschutzrichtlinie\/","og_site_name":"Pinsa Store","article_publisher":"https:\/\/www.facebook.com\/pinsastore","article_modified_time":"2023-12-05T09:51:24+00:00","og_image":[{"width":1600,"height":900,"url":"https:\/\/www.pinsastore.it\/wp-content\/uploads\/home\/slide\/slide-01.jpg","type":"image\/jpeg"}],"twitter_card":"summary_large_image","twitter_site":"@piaceripalato","twitter_misc":{"Gesch\u00e4tzte Lesezeit":"9\u00a0Minuten"},"schema":{"@context":"https:\/\/schema.org","@graph":[{"@type":"WebPage","@id":"https:\/\/www.pinsastore.it\/de\/datenschutzrichtlinie\/","url":"https:\/\/www.pinsastore.it\/de\/datenschutzrichtlinie\/","name":"Datenschutzrichtlinie - Pinsa Store","isPartOf":{"@id":"https:\/\/www.pinsastore.it\/de\/#website"},"datePublished":"2019-07-18T08:59:09+00:00","dateModified":"2023-12-05T09:51:24+00:00","breadcrumb":{"@id":"https:\/\/www.pinsastore.it\/de\/datenschutzrichtlinie\/#breadcrumb"},"inLanguage":"de","potentialAction":[{"@type":"ReadAction","target":["https:\/\/www.pinsastore.it\/de\/datenschutzrichtlinie\/"]}]},{"@type":"BreadcrumbList","@id":"https:\/\/www.pinsastore.it\/de\/datenschutzrichtlinie\/#breadcrumb","itemListElement":[{"@type":"ListItem","position":1,"name":"Startseite","item":"https:\/\/www.pinsastore.it\/de\/"},{"@type":"ListItem","position":2,"name":"Datenschutzrichtlinie"}]},{"@type":"WebSite","@id":"https:\/\/www.pinsastore.it\/de\/#website","url":"https:\/\/www.pinsastore.it\/de\/","name":"Pinsa Store","description":"Dein Online-Pinsa-Shop","potentialAction":[{"@type":"SearchAction","target":{"@type":"EntryPoint","urlTemplate":"https:\/\/www.pinsastore.it\/de\/?s={search_term_string}"},"query-input":{"@type":"PropertyValueSpecification","valueRequired":true,"valueName":"search_term_string"}}],"inLanguage":"de"}]}},"_links":{"self":[{"href":"https:\/\/www.pinsastore.it\/de\/wp-json\/wp\/v2\/pages\/5831","targetHints":{"allow":["GET"]}}],"collection":[{"href":"https:\/\/www.pinsastore.it\/de\/wp-json\/wp\/v2\/pages"}],"about":[{"href":"https:\/\/www.pinsastore.it\/de\/wp-json\/wp\/v2\/types\/page"}],"author":[{"embeddable":true,"href":"https:\/\/www.pinsastore.it\/de\/wp-json\/wp\/v2\/users\/1"}],"replies":[{"embeddable":true,"href":"https:\/\/www.pinsastore.it\/de\/wp-json\/wp\/v2\/comments?post=5831"}],"version-history":[{"count":0,"href":"https:\/\/www.pinsastore.it\/de\/wp-json\/wp\/v2\/pages\/5831\/revisions"}],"wp:attachment":[{"href":"https:\/\/www.pinsastore.it\/de\/wp-json\/wp\/v2\/media?parent=5831"}],"curies":[{"name":"wp","href":"https:\/\/api.w.org\/{rel}","templated":true}]}}