{"id":231,"date":"2019-09-20T15:10:39","date_gmt":"2019-09-20T13:10:39","guid":{"rendered":"https:\/\/www.pinsastore.it\/?post_type=product&#038;p=231"},"modified":"2023-10-06T22:12:46","modified_gmt":"2023-10-06T20:12:46","slug":"datterino-rosso-in-acqua-di-mare-cosi-come","status":"publish","type":"product","link":"https:\/\/www.pinsastore.it\/en\/product\/datterino-rosso-in-acqua-di-mare-cosi-come\/","title":{"rendered":"Datterino Rosso in Acqua di Mare &#8211; Cos\u00ec Com&#8217;\u00e8"},"content":{"rendered":"<p>La dolce rotondit\u00e0 dei Datterini Rossi della Piana del Sele e l\u2019 Acqua di Mare depurata sono due ingredienti perfetti da usare insieme per esaltare risotti e piatti di pesce. L\u2019 acqua di mare \u00e8 pi\u00f9 che semplice acqua e sale, contiene una completa gamma di minerali e oligoelementi nella forma, proporzione ed equilibrio ottimali.<\/p>\n<h4>Origine del prodotto<\/h4>\n<p>Origine del pomodoro: Italia.<\/p>\n<h4>Modalit\u00e0 di conservazione<\/h4>\n<p>Tenere in luogo fresco e asciutto. Una volta aperto il contenitore, se non utilizzato completamente, conservare in frigo (1\u00f74\u00b0C) al massimo per 3 giorni.<\/p>\n<h4>Valori nutrizionali*<\/h4>\n<p><strong>Valore energetico<\/strong>\u00a0 32 kcal \/ 135 kj.<br \/>\n<strong>Proteine\u00a0 <\/strong>0,8 g.<br \/>\n<strong>Carboidrati<\/strong>\u00a0 4,8 g,<br \/>\n<strong>di cui zuccheri<\/strong>\u00a0 3,7 g.<br \/>\n<strong>Grassi\u00a0\u00a0<\/strong>0,19 g,<br \/>\n<strong>di cui saturi<\/strong>\u00a0 0,05 g.<br \/>\n<strong>Fibre<\/strong>\u00a0 1,9 g.<br \/>\n<strong>Sale <\/strong>\u00a00,49 g.<\/p>\n<p><strong>*<\/strong>(valori medi per 100 g)<\/p>\n<h4>Ingredienti<\/h4>\n<p>Pomodori \u201cDatterini\u201d rossi (di origine italiana provenienti da produzione integrata), acqua di mare (20%), acqua.<\/p>\n","protected":false},"excerpt":{"rendered":"<p>Conserva vegetale di pomodorini tipologia datterino rosso, stabilizzata mediante trattamento termico.<\/p>\n<p>Formato 350 g.<\/p>\n","protected":false},"featured_media":362,"template":"","meta":{"inline_featured_image":false},"product_brand":[],"product_cat":[54],"product_tag":[],"class_list":{"0":"post-231","1":"product","2":"type-product","3":"status-publish","4":"has-post-thumbnail","6":"product_cat-pomodorini","8":"first","9":"instock","10":"shipping-taxable","11":"purchasable","12":"product-type-simple"},"yoast_head":"<!-- This site is optimized with the Yoast SEO plugin v27.5 - https:\/\/yoast.com\/product\/yoast-seo-wordpress\/ -->\n<title>Datterino Rosso in Acqua di Mare - Cos\u00ec Com&#039;\u00e8 - Pinsa Store<\/title>\n<meta name=\"robots\" content=\"index, follow, max-snippet:-1, max-image-preview:large, max-video-preview:-1\" \/>\n<link rel=\"canonical\" href=\"https:\/\/www.pinsastore.it\/en\/product\/datterino-rosso-in-acqua-di-mare-cosi-come\/\" \/>\n<meta property=\"og:locale\" content=\"en_US\" \/>\n<meta property=\"og:type\" content=\"article\" \/>\n<meta property=\"og:title\" content=\"Datterino Rosso in Acqua di Mare - Cos\u00ec Com&#039;\u00e8 - Pinsa Store\" \/>\n<meta property=\"og:description\" content=\"Conserva vegetale di pomodorini tipologia datterino rosso, stabilizzata mediante trattamento termico.  Formato 350 g.\" \/>\n<meta property=\"og:url\" content=\"https:\/\/www.pinsastore.it\/en\/product\/datterino-rosso-in-acqua-di-mare-cosi-come\/\" \/>\n<meta property=\"og:site_name\" content=\"Pinsa Store\" \/>\n<meta property=\"article:publisher\" content=\"https:\/\/www.facebook.com\/pinsastore\" \/>\n<meta property=\"article:modified_time\" content=\"2023-10-06T20:12:46+00:00\" \/>\n<meta property=\"og:image\" content=\"https:\/\/www.pinsastore.it\/wp-content\/uploads\/prodotti\/ingredienti\/pomodorini\/datterino-rosso-in-acqua-di-mare-cosi-come-350.jpg\" \/>\n\t<meta property=\"og:image:width\" content=\"600\" \/>\n\t<meta property=\"og:image:height\" content=\"600\" \/>\n\t<meta property=\"og:image:type\" content=\"image\/jpeg\" \/>\n<meta name=\"twitter:card\" content=\"summary_large_image\" \/>\n<meta name=\"twitter:site\" content=\"@piaceripalato\" \/>\n<meta name=\"twitter:label1\" content=\"Est. reading time\" \/>\n\t<meta name=\"twitter:data1\" content=\"1 minute\" \/>\n<script type=\"application\/ld+json\" class=\"yoast-schema-graph\">{\"@context\":\"https:\\\/\\\/schema.org\",\"@graph\":[{\"@type\":\"WebPage\",\"@id\":\"https:\\\/\\\/www.pinsastore.it\\\/en\\\/product\\\/datterino-rosso-in-acqua-di-mare-cosi-come\\\/\",\"url\":\"https:\\\/\\\/www.pinsastore.it\\\/en\\\/product\\\/datterino-rosso-in-acqua-di-mare-cosi-come\\\/\",\"name\":\"Datterino Rosso in Acqua di Mare - Cos\u00ec Com'\u00e8 - Pinsa Store\",\"isPartOf\":{\"@id\":\"https:\\\/\\\/www.pinsastore.it\\\/en\\\/#website\"},\"primaryImageOfPage\":{\"@id\":\"https:\\\/\\\/www.pinsastore.it\\\/en\\\/product\\\/datterino-rosso-in-acqua-di-mare-cosi-come\\\/#primaryimage\"},\"image\":{\"@id\":\"https:\\\/\\\/www.pinsastore.it\\\/en\\\/product\\\/datterino-rosso-in-acqua-di-mare-cosi-come\\\/#primaryimage\"},\"thumbnailUrl\":\"https:\\\/\\\/www.pinsastore.it\\\/wp-content\\\/uploads\\\/prodotti\\\/ingredienti\\\/pomodorini\\\/datterino-rosso-in-acqua-di-mare-cosi-come-350.jpg\",\"datePublished\":\"2019-09-20T13:10:39+00:00\",\"dateModified\":\"2023-10-06T20:12:46+00:00\",\"breadcrumb\":{\"@id\":\"https:\\\/\\\/www.pinsastore.it\\\/en\\\/product\\\/datterino-rosso-in-acqua-di-mare-cosi-come\\\/#breadcrumb\"},\"inLanguage\":\"en-US\",\"potentialAction\":[{\"@type\":\"ReadAction\",\"target\":[\"https:\\\/\\\/www.pinsastore.it\\\/en\\\/product\\\/datterino-rosso-in-acqua-di-mare-cosi-come\\\/\"]}]},{\"@type\":\"ImageObject\",\"inLanguage\":\"en-US\",\"@id\":\"https:\\\/\\\/www.pinsastore.it\\\/en\\\/product\\\/datterino-rosso-in-acqua-di-mare-cosi-come\\\/#primaryimage\",\"url\":\"https:\\\/\\\/www.pinsastore.it\\\/wp-content\\\/uploads\\\/prodotti\\\/ingredienti\\\/pomodorini\\\/datterino-rosso-in-acqua-di-mare-cosi-come-350.jpg\",\"contentUrl\":\"https:\\\/\\\/www.pinsastore.it\\\/wp-content\\\/uploads\\\/prodotti\\\/ingredienti\\\/pomodorini\\\/datterino-rosso-in-acqua-di-mare-cosi-come-350.jpg\",\"width\":600,\"height\":600,\"caption\":\"Datterino Rosso in Acqua di Mare, Cos\u00ec Com\u2019\u00e8 - Pinsa Store\"},{\"@type\":\"BreadcrumbList\",\"@id\":\"https:\\\/\\\/www.pinsastore.it\\\/en\\\/product\\\/datterino-rosso-in-acqua-di-mare-cosi-come\\\/#breadcrumb\",\"itemListElement\":[{\"@type\":\"ListItem\",\"position\":1,\"name\":\"Home\",\"item\":\"https:\\\/\\\/www.pinsastore.it\\\/en\\\/\"},{\"@type\":\"ListItem\",\"position\":2,\"name\":\"Shop\",\"item\":\"https:\\\/\\\/www.pinsastore.it\\\/en\\\/shop\\\/\"},{\"@type\":\"ListItem\",\"position\":3,\"name\":\"Datterino Rosso in Acqua di Mare &#8211; Cos\u00ec Com&#8217;\u00e8\"}]},{\"@type\":\"WebSite\",\"@id\":\"https:\\\/\\\/www.pinsastore.it\\\/en\\\/#website\",\"url\":\"https:\\\/\\\/www.pinsastore.it\\\/en\\\/\",\"name\":\"Pinsa Store\",\"description\":\"Your Pinsa Shop Online\",\"potentialAction\":[{\"@type\":\"SearchAction\",\"target\":{\"@type\":\"EntryPoint\",\"urlTemplate\":\"https:\\\/\\\/www.pinsastore.it\\\/en\\\/?s={search_term_string}\"},\"query-input\":{\"@type\":\"PropertyValueSpecification\",\"valueRequired\":true,\"valueName\":\"search_term_string\"}}],\"inLanguage\":\"en-US\"}]}<\/script>\n<!-- \/ Yoast SEO plugin. -->","yoast_head_json":{"title":"Datterino Rosso in Acqua di Mare - Cos\u00ec Com'\u00e8 - Pinsa Store","robots":{"index":"index","follow":"follow","max-snippet":"max-snippet:-1","max-image-preview":"max-image-preview:large","max-video-preview":"max-video-preview:-1"},"canonical":"https:\/\/www.pinsastore.it\/en\/product\/datterino-rosso-in-acqua-di-mare-cosi-come\/","og_locale":"en_US","og_type":"article","og_title":"Datterino Rosso in Acqua di Mare - Cos\u00ec Com'\u00e8 - Pinsa Store","og_description":"Conserva vegetale di pomodorini tipologia datterino rosso, stabilizzata mediante trattamento termico.  Formato 350 g.","og_url":"https:\/\/www.pinsastore.it\/en\/product\/datterino-rosso-in-acqua-di-mare-cosi-come\/","og_site_name":"Pinsa Store","article_publisher":"https:\/\/www.facebook.com\/pinsastore","article_modified_time":"2023-10-06T20:12:46+00:00","og_image":[{"width":600,"height":600,"url":"https:\/\/www.pinsastore.it\/wp-content\/uploads\/prodotti\/ingredienti\/pomodorini\/datterino-rosso-in-acqua-di-mare-cosi-come-350.jpg","type":"image\/jpeg"}],"twitter_card":"summary_large_image","twitter_site":"@piaceripalato","twitter_misc":{"Est. reading time":"1 minute"},"schema":{"@context":"https:\/\/schema.org","@graph":[{"@type":"WebPage","@id":"https:\/\/www.pinsastore.it\/en\/product\/datterino-rosso-in-acqua-di-mare-cosi-come\/","url":"https:\/\/www.pinsastore.it\/en\/product\/datterino-rosso-in-acqua-di-mare-cosi-come\/","name":"Datterino Rosso in Acqua di Mare - Cos\u00ec Com'\u00e8 - Pinsa Store","isPartOf":{"@id":"https:\/\/www.pinsastore.it\/en\/#website"},"primaryImageOfPage":{"@id":"https:\/\/www.pinsastore.it\/en\/product\/datterino-rosso-in-acqua-di-mare-cosi-come\/#primaryimage"},"image":{"@id":"https:\/\/www.pinsastore.it\/en\/product\/datterino-rosso-in-acqua-di-mare-cosi-come\/#primaryimage"},"thumbnailUrl":"https:\/\/www.pinsastore.it\/wp-content\/uploads\/prodotti\/ingredienti\/pomodorini\/datterino-rosso-in-acqua-di-mare-cosi-come-350.jpg","datePublished":"2019-09-20T13:10:39+00:00","dateModified":"2023-10-06T20:12:46+00:00","breadcrumb":{"@id":"https:\/\/www.pinsastore.it\/en\/product\/datterino-rosso-in-acqua-di-mare-cosi-come\/#breadcrumb"},"inLanguage":"en-US","potentialAction":[{"@type":"ReadAction","target":["https:\/\/www.pinsastore.it\/en\/product\/datterino-rosso-in-acqua-di-mare-cosi-come\/"]}]},{"@type":"ImageObject","inLanguage":"en-US","@id":"https:\/\/www.pinsastore.it\/en\/product\/datterino-rosso-in-acqua-di-mare-cosi-come\/#primaryimage","url":"https:\/\/www.pinsastore.it\/wp-content\/uploads\/prodotti\/ingredienti\/pomodorini\/datterino-rosso-in-acqua-di-mare-cosi-come-350.jpg","contentUrl":"https:\/\/www.pinsastore.it\/wp-content\/uploads\/prodotti\/ingredienti\/pomodorini\/datterino-rosso-in-acqua-di-mare-cosi-come-350.jpg","width":600,"height":600,"caption":"Datterino Rosso in Acqua di Mare, Cos\u00ec Com\u2019\u00e8 - Pinsa Store"},{"@type":"BreadcrumbList","@id":"https:\/\/www.pinsastore.it\/en\/product\/datterino-rosso-in-acqua-di-mare-cosi-come\/#breadcrumb","itemListElement":[{"@type":"ListItem","position":1,"name":"Home","item":"https:\/\/www.pinsastore.it\/en\/"},{"@type":"ListItem","position":2,"name":"Shop","item":"https:\/\/www.pinsastore.it\/en\/shop\/"},{"@type":"ListItem","position":3,"name":"Datterino Rosso in Acqua di Mare &#8211; Cos\u00ec Com&#8217;\u00e8"}]},{"@type":"WebSite","@id":"https:\/\/www.pinsastore.it\/en\/#website","url":"https:\/\/www.pinsastore.it\/en\/","name":"Pinsa Store","description":"Your Pinsa Shop Online","potentialAction":[{"@type":"SearchAction","target":{"@type":"EntryPoint","urlTemplate":"https:\/\/www.pinsastore.it\/en\/?s={search_term_string}"},"query-input":{"@type":"PropertyValueSpecification","valueRequired":true,"valueName":"search_term_string"}}],"inLanguage":"en-US"}]}},"_links":{"self":[{"href":"https:\/\/www.pinsastore.it\/en\/wp-json\/wp\/v2\/product\/231","targetHints":{"allow":["GET"]}}],"collection":[{"href":"https:\/\/www.pinsastore.it\/en\/wp-json\/wp\/v2\/product"}],"about":[{"href":"https:\/\/www.pinsastore.it\/en\/wp-json\/wp\/v2\/types\/product"}],"wp:featuredmedia":[{"embeddable":true,"href":"https:\/\/www.pinsastore.it\/en\/wp-json\/wp\/v2\/media\/362"}],"wp:attachment":[{"href":"https:\/\/www.pinsastore.it\/en\/wp-json\/wp\/v2\/media?parent=231"}],"wp:term":[{"taxonomy":"product_brand","embeddable":true,"href":"https:\/\/www.pinsastore.it\/en\/wp-json\/wp\/v2\/product_brand?post=231"},{"taxonomy":"product_cat","embeddable":true,"href":"https:\/\/www.pinsastore.it\/en\/wp-json\/wp\/v2\/product_cat?post=231"},{"taxonomy":"product_tag","embeddable":true,"href":"https:\/\/www.pinsastore.it\/en\/wp-json\/wp\/v2\/product_tag?post=231"}],"curies":[{"name":"wp","href":"https:\/\/api.w.org\/{rel}","templated":true}]}}