{"id":5815,"date":"2019-07-24T14:35:27","date_gmt":"2019-07-24T12:35:27","guid":{"rendered":"https:\/\/www.pinsastore.it\/?page_id=5815"},"modified":"2023-12-04T17:32:12","modified_gmt":"2023-12-04T16:32:12","slug":"qui-nous-sommes","status":"publish","type":"page","link":"https:\/\/www.pinsastore.it\/fr\/qui-nous-sommes\/","title":{"rendered":"Qui Nous Sommes"},"content":{"rendered":"\n<h3 class=\"wp-block-heading\">Le plaisir de manger \u00e0 la maison<\/h3>\n\n\n\n<p>Le plus beau moment de la vie quotidienne d\u2019un homme est quand il est assis autour d\u2019une table avec les gens qu\u2019il aime, qu\u2019il soit sur le point de manger un sandwich ou un plat d\u00e9licieux, la magie de ce moment est toujours la m\u00eame&nbsp;: ce qui nous entoure n\u2019a plus de poids, l\u2019esprit se d\u00e9tend, un sentiment de s\u00e9r\u00e9nit\u00e9 et d\u2019insouciance impr\u00e8gne les sens, nous sommes compl\u00e8tement pris par nous-m\u00eames, par la n\u00e9cessit\u00e9 de nous recharger, de faire une pause pour ensuite repartir.<\/p>\n\n\n\n<p>C\u2019est ce qui rend notre activit\u00e9 merveilleuse, c\u2019est-\u00e0-dire la possibilit\u00e9 de participer \u00e0 ce moment merveilleux, en apportant sur les tables de vos maisons le meilleur de notre professionnalisme.<\/p>\n\n\n\n<p>Notre attention est orient\u00e9e vers le client et \u00e0 rendre encore plus unique ce moment, en nous effor\u00e7ant au maximum dans le soin de chaque d\u00e9tail, du choix des mati\u00e8res premi\u00e8res au traitement, en livrant un produit unique en son genre.<\/p>\n\n\n\n<p>Nous croyons en la puissance d\u2019une passion juv\u00e9nile, en la cr\u00e9ation d\u2019une valeur et d\u2019une culture, c\u2019est-\u00e0-dire celle d\u2019une alimentation saine et bien partag\u00e9e comme une vraie famille.<\/p>\n\n\n\n<p>Pinsa Store, pinseria online, na\u00eet d\u2019un projet commenc\u00e9 en avril&nbsp;2008, au c\u0153ur de l\u2019Irpinia avec&nbsp;: PLAISIRS DU PALAIS.<\/p>\n\n\n\n<p>Pure expression de la passion de son fondateur Uva Giovanni et de sa famille pour le monde de la restauration et de la boulangerie.<\/p>\n\n\n\n<p>Et c\u2019est pr\u00e9cis\u00e9ment cette passion, c\u0153ur battant des PLAISIRS DU PALAIS, qui conduit \u00e0 une vaste offre de p\u00e2tes, minutieusement \u00e9tudi\u00e9es et exp\u00e9riment\u00e9es, ainsi que certifi\u00e9es dans leur qualit\u00e9 et leur go\u00fbt.<\/p>\n\n\n\n<p>Le palais du client est continuellement stimul\u00e9 dans la d\u00e9gustation des p\u00e2tes avec des farines de bl\u00e9 biologiques, avec des farines de chanvre alimentaire et des multi c\u00e9r\u00e9ales.<\/p>\n\n\n\n<p>Mais le vrai d\u00e9lice est sans aucun doute La Pinsa Romana n\u00e9e du m\u00e9lange de trois farines&nbsp;: riz, bl\u00e9 et soja, ce qui la rend tr\u00e8s digestible.<\/p>\n\n\n\n<p>Les plaisirs du palais avant d\u2019\u00eatre une entreprise est une grande famille.<\/p>\n\n\n\n<p>C\u2019est pr\u00e9cis\u00e9ment parce qu\u2019elle est fond\u00e9e et g\u00e9r\u00e9e par la famille UVA qu\u2019elle porte en elle l\u2019empreinte familiale et l\u2019id\u00e9e que le client avant d\u2019\u00eatre tel est avant tout un membre de celle-ci.<\/p>\n\n\n\n<p>Il sera donc impliqu\u00e9 par cette grande famille \u00e0 percevoir, sentir et partager avec les autres la passion pour la pinsa, du manger sain avec go\u00fbt, mais surtout vivre pleinement la d\u00e9couverte de nouvelles recettes de p\u00e2tes uniques en leur genre qui sollicitent le palais.<\/p>\n\n\n\n<p>Une Pinsa n\u2019est pas seulement un plat et n\u2019est pas le symbole de l\u2019identit\u00e9 culturelle d\u2019un pays mais elle est elle-m\u00eame une culture car elle porte avec elle des valeurs inestimables du moment o\u00f9 elle se pr\u00e9pare au moment o\u00f9 elle se d\u00e9guste.<\/p>\n\n\n\n<p>Des valeurs comme la tradition, comme l\u2019importance de transmettre la recette depuis des si\u00e8cles, le choix minutieux des produits authentiques et typiques du territoire, ainsi que les moments inoubliables que l\u2019on vit avec les personnes qui s\u2019aiment en d\u00e9gustant une bonne pinsa. Ce sont les valeurs inestimables qui font de la pinsa une v\u00e9ritable culture et un compagnon pr\u00e9cieux de notre pizza bien-aim\u00e9e.<\/p>\n\n\n\n<p>Mais la culture signifie aussi innovation et exp\u00e9rimentation, c\u2019est voyager vers le futur, mais avec le bagage du pass\u00e9.<\/p>\n\n\n\n<p>C\u2019est pourquoi PALATO exp\u00e9rimente toujours de nouvelles p\u00e2tes et de nouveaux m\u00e9langes de farine pour maintenir vivante et avant-gardiste une culture mill\u00e9naire.<\/p>\n","protected":false},"excerpt":{"rendered":"<p>Le plaisir de manger \u00e0 la maison Le plus beau moment de la vie quotidienne d\u2019un homme est quand il est assis autour d\u2019une table avec les gens qu\u2019il aime, qu\u2019il soit sur le point de manger un sandwich ou un plat d\u00e9licieux, la magie de ce moment est toujours la m\u00eame&nbsp;: ce qui nous [&hellip;]<\/p>\n","protected":false},"author":1,"featured_media":0,"parent":0,"menu_order":8,"comment_status":"closed","ping_status":"closed","template":"","meta":{"inline_featured_image":false,"footnotes":""},"class_list":["post-5815","page","type-page","status-publish","hentry"],"yoast_head":"<!-- This site is optimized with the Yoast SEO plugin v27.5 - https:\/\/yoast.com\/product\/yoast-seo-wordpress\/ -->\n<title>Qui Nous Sommes - Pinsa Store<\/title>\n<meta name=\"robots\" content=\"index, follow, max-snippet:-1, max-image-preview:large, max-video-preview:-1\" \/>\n<link rel=\"canonical\" href=\"https:\/\/www.pinsastore.it\/fr\/qui-nous-sommes\/\" \/>\n<meta property=\"og:locale\" content=\"fr_FR\" \/>\n<meta property=\"og:type\" content=\"article\" \/>\n<meta property=\"og:title\" content=\"Qui Nous Sommes - Pinsa Store\" \/>\n<meta property=\"og:description\" content=\"Le plaisir de manger \u00e0 la maison Le plus beau moment de la vie quotidienne d\u2019un homme est quand il est assis autour d\u2019une table avec les gens qu\u2019il aime, qu\u2019il soit sur le point de manger un sandwich ou un plat d\u00e9licieux, la magie de ce moment est toujours la m\u00eame&nbsp;: ce qui nous [&hellip;]\" \/>\n<meta property=\"og:url\" content=\"https:\/\/www.pinsastore.it\/fr\/qui-nous-sommes\/\" \/>\n<meta property=\"og:site_name\" content=\"Pinsa Store\" \/>\n<meta property=\"article:publisher\" content=\"https:\/\/www.facebook.com\/pinsastore\" \/>\n<meta property=\"article:modified_time\" content=\"2023-12-04T16:32:12+00:00\" \/>\n<meta property=\"og:image\" content=\"https:\/\/www.pinsastore.it\/wp-content\/uploads\/home\/slide\/slide-01.jpg\" \/>\n\t<meta property=\"og:image:width\" content=\"1600\" \/>\n\t<meta property=\"og:image:height\" content=\"900\" \/>\n\t<meta property=\"og:image:type\" content=\"image\/jpeg\" \/>\n<meta name=\"twitter:card\" content=\"summary_large_image\" \/>\n<meta name=\"twitter:site\" content=\"@piaceripalato\" \/>\n<meta name=\"twitter:label1\" content=\"Dur\u00e9e de lecture estim\u00e9e\" \/>\n\t<meta name=\"twitter:data1\" content=\"3 minutes\" \/>\n<script type=\"application\/ld+json\" class=\"yoast-schema-graph\">{\"@context\":\"https:\\\/\\\/schema.org\",\"@graph\":[{\"@type\":\"WebPage\",\"@id\":\"https:\\\/\\\/www.pinsastore.it\\\/fr\\\/qui-nous-sommes\\\/\",\"url\":\"https:\\\/\\\/www.pinsastore.it\\\/fr\\\/qui-nous-sommes\\\/\",\"name\":\"Qui Nous Sommes - Pinsa Store\",\"isPartOf\":{\"@id\":\"https:\\\/\\\/www.pinsastore.it\\\/fr\\\/#website\"},\"datePublished\":\"2019-07-24T12:35:27+00:00\",\"dateModified\":\"2023-12-04T16:32:12+00:00\",\"breadcrumb\":{\"@id\":\"https:\\\/\\\/www.pinsastore.it\\\/fr\\\/qui-nous-sommes\\\/#breadcrumb\"},\"inLanguage\":\"fr-FR\",\"potentialAction\":[{\"@type\":\"ReadAction\",\"target\":[\"https:\\\/\\\/www.pinsastore.it\\\/fr\\\/qui-nous-sommes\\\/\"]}]},{\"@type\":\"BreadcrumbList\",\"@id\":\"https:\\\/\\\/www.pinsastore.it\\\/fr\\\/qui-nous-sommes\\\/#breadcrumb\",\"itemListElement\":[{\"@type\":\"ListItem\",\"position\":1,\"name\":\"Accueil\",\"item\":\"https:\\\/\\\/www.pinsastore.it\\\/fr\\\/\"},{\"@type\":\"ListItem\",\"position\":2,\"name\":\"Qui Nous Sommes\"}]},{\"@type\":\"WebSite\",\"@id\":\"https:\\\/\\\/www.pinsastore.it\\\/fr\\\/#website\",\"url\":\"https:\\\/\\\/www.pinsastore.it\\\/fr\\\/\",\"name\":\"Pinsa Store\",\"description\":\"Votre Pizzeria en Ligne\",\"potentialAction\":[{\"@type\":\"SearchAction\",\"target\":{\"@type\":\"EntryPoint\",\"urlTemplate\":\"https:\\\/\\\/www.pinsastore.it\\\/fr\\\/?s={search_term_string}\"},\"query-input\":{\"@type\":\"PropertyValueSpecification\",\"valueRequired\":true,\"valueName\":\"search_term_string\"}}],\"inLanguage\":\"fr-FR\"}]}<\/script>\n<!-- \/ Yoast SEO plugin. -->","yoast_head_json":{"title":"Qui Nous Sommes - Pinsa Store","robots":{"index":"index","follow":"follow","max-snippet":"max-snippet:-1","max-image-preview":"max-image-preview:large","max-video-preview":"max-video-preview:-1"},"canonical":"https:\/\/www.pinsastore.it\/fr\/qui-nous-sommes\/","og_locale":"fr_FR","og_type":"article","og_title":"Qui Nous Sommes - Pinsa Store","og_description":"Le plaisir de manger \u00e0 la maison Le plus beau moment de la vie quotidienne d\u2019un homme est quand il est assis autour d\u2019une table avec les gens qu\u2019il aime, qu\u2019il soit sur le point de manger un sandwich ou un plat d\u00e9licieux, la magie de ce moment est toujours la m\u00eame&nbsp;: ce qui nous [&hellip;]","og_url":"https:\/\/www.pinsastore.it\/fr\/qui-nous-sommes\/","og_site_name":"Pinsa Store","article_publisher":"https:\/\/www.facebook.com\/pinsastore","article_modified_time":"2023-12-04T16:32:12+00:00","og_image":[{"width":1600,"height":900,"url":"https:\/\/www.pinsastore.it\/wp-content\/uploads\/home\/slide\/slide-01.jpg","type":"image\/jpeg"}],"twitter_card":"summary_large_image","twitter_site":"@piaceripalato","twitter_misc":{"Dur\u00e9e de lecture estim\u00e9e":"3 minutes"},"schema":{"@context":"https:\/\/schema.org","@graph":[{"@type":"WebPage","@id":"https:\/\/www.pinsastore.it\/fr\/qui-nous-sommes\/","url":"https:\/\/www.pinsastore.it\/fr\/qui-nous-sommes\/","name":"Qui Nous Sommes - Pinsa Store","isPartOf":{"@id":"https:\/\/www.pinsastore.it\/fr\/#website"},"datePublished":"2019-07-24T12:35:27+00:00","dateModified":"2023-12-04T16:32:12+00:00","breadcrumb":{"@id":"https:\/\/www.pinsastore.it\/fr\/qui-nous-sommes\/#breadcrumb"},"inLanguage":"fr-FR","potentialAction":[{"@type":"ReadAction","target":["https:\/\/www.pinsastore.it\/fr\/qui-nous-sommes\/"]}]},{"@type":"BreadcrumbList","@id":"https:\/\/www.pinsastore.it\/fr\/qui-nous-sommes\/#breadcrumb","itemListElement":[{"@type":"ListItem","position":1,"name":"Accueil","item":"https:\/\/www.pinsastore.it\/fr\/"},{"@type":"ListItem","position":2,"name":"Qui Nous Sommes"}]},{"@type":"WebSite","@id":"https:\/\/www.pinsastore.it\/fr\/#website","url":"https:\/\/www.pinsastore.it\/fr\/","name":"Pinsa Store","description":"Votre Pizzeria en Ligne","potentialAction":[{"@type":"SearchAction","target":{"@type":"EntryPoint","urlTemplate":"https:\/\/www.pinsastore.it\/fr\/?s={search_term_string}"},"query-input":{"@type":"PropertyValueSpecification","valueRequired":true,"valueName":"search_term_string"}}],"inLanguage":"fr-FR"}]}},"_links":{"self":[{"href":"https:\/\/www.pinsastore.it\/fr\/wp-json\/wp\/v2\/pages\/5815","targetHints":{"allow":["GET"]}}],"collection":[{"href":"https:\/\/www.pinsastore.it\/fr\/wp-json\/wp\/v2\/pages"}],"about":[{"href":"https:\/\/www.pinsastore.it\/fr\/wp-json\/wp\/v2\/types\/page"}],"author":[{"embeddable":true,"href":"https:\/\/www.pinsastore.it\/fr\/wp-json\/wp\/v2\/users\/1"}],"replies":[{"embeddable":true,"href":"https:\/\/www.pinsastore.it\/fr\/wp-json\/wp\/v2\/comments?post=5815"}],"version-history":[{"count":0,"href":"https:\/\/www.pinsastore.it\/fr\/wp-json\/wp\/v2\/pages\/5815\/revisions"}],"wp:attachment":[{"href":"https:\/\/www.pinsastore.it\/fr\/wp-json\/wp\/v2\/media?parent=5815"}],"curies":[{"name":"wp","href":"https:\/\/api.w.org\/{rel}","templated":true}]}}