{"id":5816,"date":"2019-07-24T14:38:11","date_gmt":"2019-07-24T12:38:11","guid":{"rendered":"https:\/\/www.pinsastore.it\/?page_id=5816"},"modified":"2023-12-04T17:24:45","modified_gmt":"2023-12-04T16:24:45","slug":"la-pinsa","status":"publish","type":"page","link":"https:\/\/www.pinsastore.it\/fr\/la-pinsa\/","title":{"rendered":"La Pinsa"},"content":{"rendered":"<h3>La moderne Pinsa Romana<\/h3>\n<p>La moderne Pinsa est n\u00e9e d\u2019une r\u00e9interpr\u00e9tation d\u2019une recette qui remonte \u00e0 l\u2019\u00e9poque de la Rome antique.<\/p>\n<p>Son parfum unique et sa digestibilit\u00e9 sont obtenus gr\u00e2ce \u00e0 une longue maturation, un levage jusqu\u2019\u00e0 72 heures, ainsi qu\u2019une hydratation \u00e9lev\u00e9e.<\/p>\n<p>Sa p\u00e2te na\u00eet du m\u00e9lange de trois farines, c\u2019est-\u00e0-dire le BL\u00c9 qui rend possible le levage et la formation d\u2019une p\u00e2te souple et \u00e9lastique, le RIZ qui retient l\u2019eau pendant la cuisson en donnant une plus grande digestibilit\u00e9 \u00e0 la p\u00e2te et enfin le SOJA n\u00e9cessaire pour la friabilit\u00e9 et le parfum.<\/p>\n<p>Les farines avec la p\u00e2te acide s\u00e9ch\u00e9e conf\u00e8rent un go\u00fbt unique et incomparable au produit.<\/p>\n<h3>Notre Pinsa<\/h3>\n<p>Nos bases Pinsa sont fabriqu\u00e9es artisanalement et rigoureusement \u00e0 la main, par notre \u00e9quipe d\u2019experts pinsaioli avec une longue carri\u00e8re derri\u00e8re dans le secteur de la boulangerie, dirig\u00e9 par <strong>Giovanni Uva<\/strong>.<\/p>\n<p>La fra\u00eecheur et l\u2019absence de conservateurs ont \u00e9t\u00e9 d\u00e9lib\u00e9r\u00e9ment respect\u00e9es et obtenues gr\u00e2ce au choix du conditionnement en atmosph\u00e8re protectrice et non surgel\u00e9e ou autre, ce qui implique des d\u00e9lais de consommation assez courts.<\/p>\n<p>Le produit est emball\u00e9 dans des sacs en microns pour les aliments contenant 1 base.<\/p>\n<p>Les bases sont entreposables au r\u00e9frig\u00e9rateur \u00e0 une temp\u00e9rature max +8\u00b3 C \u00e0 24 h de la production, ce qui implique un emballage dans des r\u00e9cipients alimentaires isothermes en polystyr\u00e8ne.<\/p>\n<h3>Conseils utiles<\/h3>\n<p>Profitez de votre pinsa en 3 \u00e9tapes simples et rapides:<\/p>\n<ol>\n<li>Sortez la pinsa du r\u00e9frig\u00e9rateur et amenez-la \u00e0 temp\u00e9rature ambiante;<\/li>\n<li>Enfournez la base de la pinsa sur la grille perfor\u00e9e de votre four \u00e0 250&Prime; pendant 8 minutes;<\/li>\n<li>Laissez libre cours \u00e0 votre imagination, partagez et partagez votre pinsa avec ceux qui vous rendent heureux.<\/li>\n<\/ol>\n","protected":false},"excerpt":{"rendered":"<p>La moderne Pinsa Romana La moderne Pinsa est n\u00e9e d\u2019une r\u00e9interpr\u00e9tation d\u2019une recette qui remonte \u00e0 l\u2019\u00e9poque de la Rome antique. Son parfum unique et sa digestibilit\u00e9 sont obtenus gr\u00e2ce \u00e0 une longue maturation, un levage jusqu\u2019\u00e0 72 heures, ainsi qu\u2019une hydratation \u00e9lev\u00e9e. Sa p\u00e2te na\u00eet du m\u00e9lange de trois farines, c\u2019est-\u00e0-dire le BL\u00c9 qui [&hellip;]<\/p>\n","protected":false},"author":1,"featured_media":0,"parent":0,"menu_order":4,"comment_status":"closed","ping_status":"closed","template":"","meta":{"inline_featured_image":false,"footnotes":""},"class_list":["post-5816","page","type-page","status-publish","hentry"],"yoast_head":"<!-- This site is optimized with the Yoast SEO plugin v27.5 - https:\/\/yoast.com\/product\/yoast-seo-wordpress\/ -->\n<title>La Pinsa - Pinsa Store<\/title>\n<meta name=\"robots\" content=\"index, follow, max-snippet:-1, max-image-preview:large, max-video-preview:-1\" \/>\n<link rel=\"canonical\" href=\"https:\/\/www.pinsastore.it\/fr\/la-pinsa\/\" \/>\n<meta property=\"og:locale\" content=\"fr_FR\" \/>\n<meta property=\"og:type\" content=\"article\" \/>\n<meta property=\"og:title\" content=\"La Pinsa - Pinsa Store\" \/>\n<meta property=\"og:description\" content=\"La moderne Pinsa Romana La moderne Pinsa est n\u00e9e d\u2019une r\u00e9interpr\u00e9tation d\u2019une recette qui remonte \u00e0 l\u2019\u00e9poque de la Rome antique. Son parfum unique et sa digestibilit\u00e9 sont obtenus gr\u00e2ce \u00e0 une longue maturation, un levage jusqu\u2019\u00e0 72 heures, ainsi qu\u2019une hydratation \u00e9lev\u00e9e. Sa p\u00e2te na\u00eet du m\u00e9lange de trois farines, c\u2019est-\u00e0-dire le BL\u00c9 qui [&hellip;]\" \/>\n<meta property=\"og:url\" content=\"https:\/\/www.pinsastore.it\/fr\/la-pinsa\/\" \/>\n<meta property=\"og:site_name\" content=\"Pinsa Store\" \/>\n<meta property=\"article:publisher\" content=\"https:\/\/www.facebook.com\/pinsastore\" \/>\n<meta property=\"article:modified_time\" content=\"2023-12-04T16:24:45+00:00\" \/>\n<meta property=\"og:image\" content=\"https:\/\/www.pinsastore.it\/wp-content\/uploads\/home\/slide\/slide-01.jpg\" \/>\n\t<meta property=\"og:image:width\" content=\"1600\" \/>\n\t<meta property=\"og:image:height\" content=\"900\" \/>\n\t<meta property=\"og:image:type\" content=\"image\/jpeg\" \/>\n<meta name=\"twitter:card\" content=\"summary_large_image\" \/>\n<meta name=\"twitter:site\" content=\"@piaceripalato\" \/>\n<meta name=\"twitter:label1\" content=\"Dur\u00e9e de lecture estim\u00e9e\" \/>\n\t<meta name=\"twitter:data1\" content=\"2 minutes\" \/>\n<script type=\"application\/ld+json\" class=\"yoast-schema-graph\">{\"@context\":\"https:\\\/\\\/schema.org\",\"@graph\":[{\"@type\":\"WebPage\",\"@id\":\"https:\\\/\\\/www.pinsastore.it\\\/fr\\\/la-pinsa\\\/\",\"url\":\"https:\\\/\\\/www.pinsastore.it\\\/fr\\\/la-pinsa\\\/\",\"name\":\"La Pinsa - Pinsa Store\",\"isPartOf\":{\"@id\":\"https:\\\/\\\/www.pinsastore.it\\\/fr\\\/#website\"},\"datePublished\":\"2019-07-24T12:38:11+00:00\",\"dateModified\":\"2023-12-04T16:24:45+00:00\",\"breadcrumb\":{\"@id\":\"https:\\\/\\\/www.pinsastore.it\\\/fr\\\/la-pinsa\\\/#breadcrumb\"},\"inLanguage\":\"fr-FR\",\"potentialAction\":[{\"@type\":\"ReadAction\",\"target\":[\"https:\\\/\\\/www.pinsastore.it\\\/fr\\\/la-pinsa\\\/\"]}]},{\"@type\":\"BreadcrumbList\",\"@id\":\"https:\\\/\\\/www.pinsastore.it\\\/fr\\\/la-pinsa\\\/#breadcrumb\",\"itemListElement\":[{\"@type\":\"ListItem\",\"position\":1,\"name\":\"Accueil\",\"item\":\"https:\\\/\\\/www.pinsastore.it\\\/fr\\\/\"},{\"@type\":\"ListItem\",\"position\":2,\"name\":\"La Pinsa\"}]},{\"@type\":\"WebSite\",\"@id\":\"https:\\\/\\\/www.pinsastore.it\\\/fr\\\/#website\",\"url\":\"https:\\\/\\\/www.pinsastore.it\\\/fr\\\/\",\"name\":\"Pinsa Store\",\"description\":\"Votre Pizzeria en Ligne\",\"potentialAction\":[{\"@type\":\"SearchAction\",\"target\":{\"@type\":\"EntryPoint\",\"urlTemplate\":\"https:\\\/\\\/www.pinsastore.it\\\/fr\\\/?s={search_term_string}\"},\"query-input\":{\"@type\":\"PropertyValueSpecification\",\"valueRequired\":true,\"valueName\":\"search_term_string\"}}],\"inLanguage\":\"fr-FR\"}]}<\/script>\n<!-- \/ Yoast SEO plugin. -->","yoast_head_json":{"title":"La Pinsa - Pinsa Store","robots":{"index":"index","follow":"follow","max-snippet":"max-snippet:-1","max-image-preview":"max-image-preview:large","max-video-preview":"max-video-preview:-1"},"canonical":"https:\/\/www.pinsastore.it\/fr\/la-pinsa\/","og_locale":"fr_FR","og_type":"article","og_title":"La Pinsa - Pinsa Store","og_description":"La moderne Pinsa Romana La moderne Pinsa est n\u00e9e d\u2019une r\u00e9interpr\u00e9tation d\u2019une recette qui remonte \u00e0 l\u2019\u00e9poque de la Rome antique. Son parfum unique et sa digestibilit\u00e9 sont obtenus gr\u00e2ce \u00e0 une longue maturation, un levage jusqu\u2019\u00e0 72 heures, ainsi qu\u2019une hydratation \u00e9lev\u00e9e. Sa p\u00e2te na\u00eet du m\u00e9lange de trois farines, c\u2019est-\u00e0-dire le BL\u00c9 qui [&hellip;]","og_url":"https:\/\/www.pinsastore.it\/fr\/la-pinsa\/","og_site_name":"Pinsa Store","article_publisher":"https:\/\/www.facebook.com\/pinsastore","article_modified_time":"2023-12-04T16:24:45+00:00","og_image":[{"width":1600,"height":900,"url":"https:\/\/www.pinsastore.it\/wp-content\/uploads\/home\/slide\/slide-01.jpg","type":"image\/jpeg"}],"twitter_card":"summary_large_image","twitter_site":"@piaceripalato","twitter_misc":{"Dur\u00e9e de lecture estim\u00e9e":"2 minutes"},"schema":{"@context":"https:\/\/schema.org","@graph":[{"@type":"WebPage","@id":"https:\/\/www.pinsastore.it\/fr\/la-pinsa\/","url":"https:\/\/www.pinsastore.it\/fr\/la-pinsa\/","name":"La Pinsa - Pinsa Store","isPartOf":{"@id":"https:\/\/www.pinsastore.it\/fr\/#website"},"datePublished":"2019-07-24T12:38:11+00:00","dateModified":"2023-12-04T16:24:45+00:00","breadcrumb":{"@id":"https:\/\/www.pinsastore.it\/fr\/la-pinsa\/#breadcrumb"},"inLanguage":"fr-FR","potentialAction":[{"@type":"ReadAction","target":["https:\/\/www.pinsastore.it\/fr\/la-pinsa\/"]}]},{"@type":"BreadcrumbList","@id":"https:\/\/www.pinsastore.it\/fr\/la-pinsa\/#breadcrumb","itemListElement":[{"@type":"ListItem","position":1,"name":"Accueil","item":"https:\/\/www.pinsastore.it\/fr\/"},{"@type":"ListItem","position":2,"name":"La Pinsa"}]},{"@type":"WebSite","@id":"https:\/\/www.pinsastore.it\/fr\/#website","url":"https:\/\/www.pinsastore.it\/fr\/","name":"Pinsa Store","description":"Votre Pizzeria en Ligne","potentialAction":[{"@type":"SearchAction","target":{"@type":"EntryPoint","urlTemplate":"https:\/\/www.pinsastore.it\/fr\/?s={search_term_string}"},"query-input":{"@type":"PropertyValueSpecification","valueRequired":true,"valueName":"search_term_string"}}],"inLanguage":"fr-FR"}]}},"_links":{"self":[{"href":"https:\/\/www.pinsastore.it\/fr\/wp-json\/wp\/v2\/pages\/5816","targetHints":{"allow":["GET"]}}],"collection":[{"href":"https:\/\/www.pinsastore.it\/fr\/wp-json\/wp\/v2\/pages"}],"about":[{"href":"https:\/\/www.pinsastore.it\/fr\/wp-json\/wp\/v2\/types\/page"}],"author":[{"embeddable":true,"href":"https:\/\/www.pinsastore.it\/fr\/wp-json\/wp\/v2\/users\/1"}],"replies":[{"embeddable":true,"href":"https:\/\/www.pinsastore.it\/fr\/wp-json\/wp\/v2\/comments?post=5816"}],"version-history":[{"count":0,"href":"https:\/\/www.pinsastore.it\/fr\/wp-json\/wp\/v2\/pages\/5816\/revisions"}],"wp:attachment":[{"href":"https:\/\/www.pinsastore.it\/fr\/wp-json\/wp\/v2\/media?parent=5816"}],"curies":[{"name":"wp","href":"https:\/\/api.w.org\/{rel}","templated":true}]}}