{"id":5822,"date":"2019-10-07T16:31:36","date_gmt":"2019-10-07T14:31:36","guid":{"rendered":"https:\/\/www.pinsastore.it\/?page_id=5822"},"modified":"2023-12-05T10:34:27","modified_gmt":"2023-12-05T09:34:27","slug":"expeditions","status":"publish","type":"page","link":"https:\/\/www.pinsastore.it\/fr\/expeditions\/","title":{"rendered":"Exp\u00e9ditions"},"content":{"rendered":"\n<h4 class=\"wp-block-heading\">Exp\u00e9dition dans toute l&rsquo;Italie<\/h4>\n\n\n\n<p>Nos produits sont exp\u00e9di\u00e9s dans des contenants en polystyr\u00e8ne de qualit\u00e9 alimentaire.<\/p>\n\n\n\n<p>Le stockage doit avoir lieu \u00e0 temp\u00e9rature contr\u00f4l\u00e9e, il peut \u00eatre laiss\u00e9 \u00e0 temp\u00e9rature ambiante mais pas plus de 48 heures (c&rsquo;est pourquoi ils sont exp\u00e9di\u00e9s par courrier dans de simples conteneurs sp\u00e9ciaux afin de ne pas subir de fluctuations thermiques, mais ils doivent ensuite \u00eatre plac\u00e9 au r\u00e9frig\u00e9rateur).&lt; \/p&gt;<\/p>\n\n\n\n<p>Nous exp\u00e9dions sur tout le territoire national pour 10&nbsp;\u20ac pour toute quantit\u00e9 (y compris les \u00eeles).<\/p>\n\n\n\n<h4 class=\"wp-block-heading\">Livraison gratuite \u00e0 partir de 22,00&nbsp;\u20ac<\/h4>\n\n\n\n<p>Pour les achats sup\u00e9rieurs \u00e0 22,00 \u20ac, nous offrons la livraison gratuite dans toute l&rsquo;Italie, y compris les \u00eeles.<\/p>\n\n\n\n<p>Tous les achats seront livr\u00e9s par courrier express (ci-apr\u00e8s, \u00ab Courrier \u00bb) du lundi au vendredi, hors jours f\u00e9ri\u00e9s et jours f\u00e9ri\u00e9s. Les commandes peuvent \u00eatre pass\u00e9es du lundi au mercredi et arriveront \u00e0 destination dans la m\u00eame semaine.<\/p>\n\n\n\n<p>NB&nbsp;: Les commandes seront accept\u00e9es m\u00eame si elles sont pass\u00e9es les jours suivants et le week-end mais arriveront \u00e0 destination la semaine suivante.<\/p>\n\n\n\n<p>PINSA STORE n&rsquo;est pas responsable des retards qui ne sont pas pr\u00e9visibles ou qui ne peuvent lui \u00eatre imput\u00e9s.<\/p>\n\n\n\n<p>Une fois les Produits exp\u00e9di\u00e9s, le Client recevra un email de confirmation qui comprendra un lien auquel se r\u00e9f\u00e9rer pour suivre l&rsquo;exp\u00e9dition.<\/p>\n\n\n\n<p>En tout \u00e9tat de cause, sauf cas de force majeure ou de cas fortuit, les Produits command\u00e9s seront livr\u00e9s dans un d\u00e9lai de 7 (sept) jours ouvr\u00e9s \u00e0 compter du jour suivant celui o\u00f9 PINSA STORE a confirm\u00e9 la commande au Client via un courrier sp\u00e9cifique. email de confirmation de commande.<\/p>\n\n\n\n<p>Services de livraison actifs en Italie&nbsp;: <strong>SDA<\/strong>.<\/p>\n\n\n\n<p>La prestation comprend 2 tentatives de livraison \u00e0 l&rsquo;adresse indiqu\u00e9e au moment de la commande. Un avis sera laiss\u00e9 apr\u00e8s chaque \u00e9tape. Lors de la deuxi\u00e8me tentative de livraison infructueuse, le Courrier contactera le destinataire de la commande par t\u00e9l\u00e9phone au num\u00e9ro de t\u00e9l\u00e9phone indiqu\u00e9 pour organiser la livraison. S&rsquo;il n&rsquo;est pas tra\u00e7able ou est absent, la marchandise sera retourn\u00e9e \u00e0 l&rsquo;entrep\u00f4t.<\/p>\n","protected":false},"excerpt":{"rendered":"<p>Exp\u00e9dition dans toute l&rsquo;Italie Nos produits sont exp\u00e9di\u00e9s dans des contenants en polystyr\u00e8ne de qualit\u00e9 alimentaire. Le stockage doit avoir lieu \u00e0 temp\u00e9rature contr\u00f4l\u00e9e, il peut \u00eatre laiss\u00e9 \u00e0 temp\u00e9rature ambiante mais pas plus de 48 heures (c&rsquo;est pourquoi ils sont exp\u00e9di\u00e9s par courrier dans de simples conteneurs sp\u00e9ciaux afin de ne pas subir de [&hellip;]<\/p>\n","protected":false},"author":1,"featured_media":0,"parent":0,"menu_order":42,"comment_status":"closed","ping_status":"closed","template":"","meta":{"inline_featured_image":false,"footnotes":""},"class_list":["post-5822","page","type-page","status-publish","hentry"],"yoast_head":"<!-- This site is optimized with the Yoast SEO plugin v27.5 - https:\/\/yoast.com\/product\/yoast-seo-wordpress\/ -->\n<title>Exp\u00e9ditions - Pinsa Store<\/title>\n<meta name=\"robots\" content=\"index, follow, max-snippet:-1, max-image-preview:large, max-video-preview:-1\" \/>\n<link rel=\"canonical\" href=\"https:\/\/www.pinsastore.it\/fr\/expeditions\/\" \/>\n<meta property=\"og:locale\" content=\"fr_FR\" \/>\n<meta property=\"og:type\" content=\"article\" \/>\n<meta property=\"og:title\" content=\"Exp\u00e9ditions - Pinsa Store\" \/>\n<meta property=\"og:description\" content=\"Exp\u00e9dition dans toute l&rsquo;Italie Nos produits sont exp\u00e9di\u00e9s dans des contenants en polystyr\u00e8ne de qualit\u00e9 alimentaire. Le stockage doit avoir lieu \u00e0 temp\u00e9rature contr\u00f4l\u00e9e, il peut \u00eatre laiss\u00e9 \u00e0 temp\u00e9rature ambiante mais pas plus de 48 heures (c&rsquo;est pourquoi ils sont exp\u00e9di\u00e9s par courrier dans de simples conteneurs sp\u00e9ciaux afin de ne pas subir de [&hellip;]\" \/>\n<meta property=\"og:url\" content=\"https:\/\/www.pinsastore.it\/fr\/expeditions\/\" \/>\n<meta property=\"og:site_name\" content=\"Pinsa Store\" \/>\n<meta property=\"article:publisher\" content=\"https:\/\/www.facebook.com\/pinsastore\" \/>\n<meta property=\"article:modified_time\" content=\"2023-12-05T09:34:27+00:00\" \/>\n<meta property=\"og:image\" content=\"https:\/\/www.pinsastore.it\/wp-content\/uploads\/home\/slide\/slide-01.jpg\" \/>\n\t<meta property=\"og:image:width\" content=\"1600\" \/>\n\t<meta property=\"og:image:height\" content=\"900\" \/>\n\t<meta property=\"og:image:type\" content=\"image\/jpeg\" \/>\n<meta name=\"twitter:card\" content=\"summary_large_image\" \/>\n<meta name=\"twitter:site\" content=\"@piaceripalato\" \/>\n<meta name=\"twitter:label1\" content=\"Dur\u00e9e de lecture estim\u00e9e\" \/>\n\t<meta name=\"twitter:data1\" content=\"2 minutes\" \/>\n<script type=\"application\/ld+json\" class=\"yoast-schema-graph\">{\"@context\":\"https:\\\/\\\/schema.org\",\"@graph\":[{\"@type\":\"WebPage\",\"@id\":\"https:\\\/\\\/www.pinsastore.it\\\/fr\\\/expeditions\\\/\",\"url\":\"https:\\\/\\\/www.pinsastore.it\\\/fr\\\/expeditions\\\/\",\"name\":\"Exp\u00e9ditions - Pinsa Store\",\"isPartOf\":{\"@id\":\"https:\\\/\\\/www.pinsastore.it\\\/fr\\\/#website\"},\"datePublished\":\"2019-10-07T14:31:36+00:00\",\"dateModified\":\"2023-12-05T09:34:27+00:00\",\"breadcrumb\":{\"@id\":\"https:\\\/\\\/www.pinsastore.it\\\/fr\\\/expeditions\\\/#breadcrumb\"},\"inLanguage\":\"fr-FR\",\"potentialAction\":[{\"@type\":\"ReadAction\",\"target\":[\"https:\\\/\\\/www.pinsastore.it\\\/fr\\\/expeditions\\\/\"]}]},{\"@type\":\"BreadcrumbList\",\"@id\":\"https:\\\/\\\/www.pinsastore.it\\\/fr\\\/expeditions\\\/#breadcrumb\",\"itemListElement\":[{\"@type\":\"ListItem\",\"position\":1,\"name\":\"Accueil\",\"item\":\"https:\\\/\\\/www.pinsastore.it\\\/fr\\\/\"},{\"@type\":\"ListItem\",\"position\":2,\"name\":\"Exp\u00e9ditions\"}]},{\"@type\":\"WebSite\",\"@id\":\"https:\\\/\\\/www.pinsastore.it\\\/fr\\\/#website\",\"url\":\"https:\\\/\\\/www.pinsastore.it\\\/fr\\\/\",\"name\":\"Pinsa Store\",\"description\":\"Votre Pizzeria en Ligne\",\"potentialAction\":[{\"@type\":\"SearchAction\",\"target\":{\"@type\":\"EntryPoint\",\"urlTemplate\":\"https:\\\/\\\/www.pinsastore.it\\\/fr\\\/?s={search_term_string}\"},\"query-input\":{\"@type\":\"PropertyValueSpecification\",\"valueRequired\":true,\"valueName\":\"search_term_string\"}}],\"inLanguage\":\"fr-FR\"}]}<\/script>\n<!-- \/ Yoast SEO plugin. -->","yoast_head_json":{"title":"Exp\u00e9ditions - Pinsa Store","robots":{"index":"index","follow":"follow","max-snippet":"max-snippet:-1","max-image-preview":"max-image-preview:large","max-video-preview":"max-video-preview:-1"},"canonical":"https:\/\/www.pinsastore.it\/fr\/expeditions\/","og_locale":"fr_FR","og_type":"article","og_title":"Exp\u00e9ditions - Pinsa Store","og_description":"Exp\u00e9dition dans toute l&rsquo;Italie Nos produits sont exp\u00e9di\u00e9s dans des contenants en polystyr\u00e8ne de qualit\u00e9 alimentaire. Le stockage doit avoir lieu \u00e0 temp\u00e9rature contr\u00f4l\u00e9e, il peut \u00eatre laiss\u00e9 \u00e0 temp\u00e9rature ambiante mais pas plus de 48 heures (c&rsquo;est pourquoi ils sont exp\u00e9di\u00e9s par courrier dans de simples conteneurs sp\u00e9ciaux afin de ne pas subir de [&hellip;]","og_url":"https:\/\/www.pinsastore.it\/fr\/expeditions\/","og_site_name":"Pinsa Store","article_publisher":"https:\/\/www.facebook.com\/pinsastore","article_modified_time":"2023-12-05T09:34:27+00:00","og_image":[{"width":1600,"height":900,"url":"https:\/\/www.pinsastore.it\/wp-content\/uploads\/home\/slide\/slide-01.jpg","type":"image\/jpeg"}],"twitter_card":"summary_large_image","twitter_site":"@piaceripalato","twitter_misc":{"Dur\u00e9e de lecture estim\u00e9e":"2 minutes"},"schema":{"@context":"https:\/\/schema.org","@graph":[{"@type":"WebPage","@id":"https:\/\/www.pinsastore.it\/fr\/expeditions\/","url":"https:\/\/www.pinsastore.it\/fr\/expeditions\/","name":"Exp\u00e9ditions - Pinsa Store","isPartOf":{"@id":"https:\/\/www.pinsastore.it\/fr\/#website"},"datePublished":"2019-10-07T14:31:36+00:00","dateModified":"2023-12-05T09:34:27+00:00","breadcrumb":{"@id":"https:\/\/www.pinsastore.it\/fr\/expeditions\/#breadcrumb"},"inLanguage":"fr-FR","potentialAction":[{"@type":"ReadAction","target":["https:\/\/www.pinsastore.it\/fr\/expeditions\/"]}]},{"@type":"BreadcrumbList","@id":"https:\/\/www.pinsastore.it\/fr\/expeditions\/#breadcrumb","itemListElement":[{"@type":"ListItem","position":1,"name":"Accueil","item":"https:\/\/www.pinsastore.it\/fr\/"},{"@type":"ListItem","position":2,"name":"Exp\u00e9ditions"}]},{"@type":"WebSite","@id":"https:\/\/www.pinsastore.it\/fr\/#website","url":"https:\/\/www.pinsastore.it\/fr\/","name":"Pinsa Store","description":"Votre Pizzeria en Ligne","potentialAction":[{"@type":"SearchAction","target":{"@type":"EntryPoint","urlTemplate":"https:\/\/www.pinsastore.it\/fr\/?s={search_term_string}"},"query-input":{"@type":"PropertyValueSpecification","valueRequired":true,"valueName":"search_term_string"}}],"inLanguage":"fr-FR"}]}},"_links":{"self":[{"href":"https:\/\/www.pinsastore.it\/fr\/wp-json\/wp\/v2\/pages\/5822","targetHints":{"allow":["GET"]}}],"collection":[{"href":"https:\/\/www.pinsastore.it\/fr\/wp-json\/wp\/v2\/pages"}],"about":[{"href":"https:\/\/www.pinsastore.it\/fr\/wp-json\/wp\/v2\/types\/page"}],"author":[{"embeddable":true,"href":"https:\/\/www.pinsastore.it\/fr\/wp-json\/wp\/v2\/users\/1"}],"replies":[{"embeddable":true,"href":"https:\/\/www.pinsastore.it\/fr\/wp-json\/wp\/v2\/comments?post=5822"}],"version-history":[{"count":0,"href":"https:\/\/www.pinsastore.it\/fr\/wp-json\/wp\/v2\/pages\/5822\/revisions"}],"wp:attachment":[{"href":"https:\/\/www.pinsastore.it\/fr\/wp-json\/wp\/v2\/media?parent=5822"}],"curies":[{"name":"wp","href":"https:\/\/api.w.org\/{rel}","templated":true}]}}