{"id":5823,"date":"2019-07-18T10:59:09","date_gmt":"2019-07-18T08:59:09","guid":{"rendered":"https:\/\/www.pinsastore.it\/?page_id=5823"},"modified":"2023-12-05T10:51:30","modified_gmt":"2023-12-05T09:51:30","slug":"politique-de-confidentialite","status":"publish","type":"page","link":"https:\/\/www.pinsastore.it\/fr\/politique-de-confidentialite\/","title":{"rendered":"Politique de Confidentialit\u00e9"},"content":{"rendered":"\n<h3 class=\"wp-block-heading\">Informations sur le traitement des donn\u00e9es personnelles<\/h3>\n\n\n\n<p>PIACERI DEL PALATO S.R.L. dont le si\u00e8ge social est \u00e0 CONTRADA TOPPOLO, 83035 GROTTAMINARDA (AV), (ci-apr\u00e8s, \u00ab&nbsp;Propri\u00e9taire&nbsp;\u00bb), en tant que responsable du traitement, vous informe conform\u00e9ment \u00e0 l&rsquo;art. 13 D\u00e9cret l\u00e9gislatif 30\/06\/2003 n. 196 (ci-apr\u00e8s, \u00ab Code de confidentialit\u00e9 \u00bb) et art. 13 R\u00e8glement UE no. 2016\/679 (ci-apr\u00e8s, \u00ab&nbsp;RGPD&nbsp;\u00bb) que vos donn\u00e9es seront trait\u00e9es de la mani\u00e8re suivante et aux fins suivantes&nbsp;:<\/p>\n\n\n\n<h4 class=\"wp-block-heading\">Objet du traitement<\/h4>\n\n\n\n<p>Le Responsable du traitement traite des donn\u00e9es personnelles et identifiantes (par exemple, nom, pr\u00e9nom, raison sociale, adresse, t\u00e9l\u00e9phone, e-mail, coordonn\u00e9es bancaires et de paiement) \u2013 ci-apr\u00e8s, \u00ab donn\u00e9es personnelles \u00bb ou \u00e9galement \u00ab donn\u00e9es \u00bb) communiqu\u00e9es par vous lors de la conclusion de contrats pour les services du responsable du traitement.<\/p>\n\n\n\n<h4 class=\"wp-block-heading\">Finalit\u00e9 du traitement<\/h4>\n\n\n\n<p>Vos donn\u00e9es personnelles sont trait\u00e9es&nbsp;:<\/p>\n\n\n\n<p>Sans votre consentement expr\u00e8s (art. 24 lettre a), b), c) Code de confidentialit\u00e9 et art. 6 let. b), e) RGPD), aux fins de service suivantes&nbsp;:<\/p>\n\n\n\n<ul class=\"wp-block-list\">\n<li>conclure des contrats pour les services du Propri\u00e9taire&nbsp;;<\/li>\n\n\n\n<li>remplir les obligations pr\u00e9contractuelles, contractuelles et fiscales d\u00e9coulant des relations existantes avec vous&nbsp;;<\/li>\n\n\n\n<li>remplir les obligations \u00e9tablies par la loi, par un r\u00e8glement, par la l\u00e9gislation communautaire ou par un arr\u00eat\u00e9 de l&rsquo;Autorit\u00e9 (comme par exemple dans le domaine de la lutte contre le blanchiment d&rsquo;argent)&nbsp;;<\/li>\n\n\n\n<li>exercer les droits du Propri\u00e9taire, par exemple le droit de se d\u00e9fendre devant les tribunaux&nbsp;;<\/li>\n<\/ul>\n\n\n\n<p>Nous vous informons que si vous \u00eates d\u00e9j\u00e0 nos clients, nous pourrons vous envoyer des communications commerciales relatives \u00e0 des services et produits du Propri\u00e9taire similaires \u00e0 ceux que vous avez d\u00e9j\u00e0 utilis\u00e9s, sauf d\u00e9saccord de votre part (art. 130 c. 4 Confidentialit\u00e9 Code).<\/p>\n\n\n\n<h4 class=\"wp-block-heading\">M\u00e9thodes de traitement<\/h4>\n\n\n\n<p>Le traitement de vos donn\u00e9es personnelles est effectu\u00e9 au moyen des op\u00e9rations indiqu\u00e9es \u00e0 l&rsquo;art. 4 Code de confidentialit\u00e9 et art. 4&nbsp;non. 2)&nbsp; RGPD et pr\u00e9cis\u00e9ment&nbsp;: la collecte, l&rsquo;enregistrement, l&rsquo;organisation, le stockage, la consultation, le traitement, la modification, la s\u00e9lection, l&rsquo;extraction, la comparaison, l&rsquo;utilisation, l&rsquo;interconnexion, le blocage, la communication, l&rsquo;annulation et la destruction des donn\u00e9es. Vos donn\u00e9es personnelles font l&rsquo;objet d&rsquo;un traitement tant sur papier qu&rsquo;\u00e9lectronique et\/ou automatis\u00e9.<\/p>\n\n\n\n<p>Le responsable du traitement traitera les donn\u00e9es personnelles pendant le temps n\u00e9cessaire \u00e0 la r\u00e9alisation des finalit\u00e9s susmentionn\u00e9es et en tout \u00e9tat de cause pendant 10 ans au maximum \u00e0 compter de la fin de la relation aux fins du service.<\/p>\n\n\n\n<h4 class=\"wp-block-heading\">Acc\u00e8s aux donn\u00e9es<\/h4>\n\n\n\n<p>Vos donn\u00e9es pourront \u00eatre rendues accessibles aux fins vis\u00e9es \u00e0 l&rsquo;art. 2.A&nbsp;):<\/p>\n\n\n\n<ul class=\"wp-block-list\">\n<li>aux employ\u00e9s et collaborateurs du Propri\u00e9taire ou des entreprises li\u00e9es \u00e0 PIACERI DEL PALATO S.R.L. en leur qualit\u00e9 de sous-traitants internes et\/ou de gestionnaires et\/ou d&rsquo;administrateurs syst\u00e8me&nbsp;;<\/li>\n\n\n\n<li>\u00e0 des soci\u00e9t\u00e9s tierces ou \u00e0 d&rsquo;autres sujets (par exemple, \u00e9tablissements de cr\u00e9dit, cabinets professionnels, consultants, compagnies d&rsquo;assurance pour la fourniture de services d&rsquo;assurance, etc.) qui exercent des activit\u00e9s externalis\u00e9es pour le compte du Responsable du traitement, en leur qualit\u00e9 en tant que responsables du traitement des donn\u00e9es externes.<\/li>\n<\/ul>\n\n\n\n<h4 class=\"wp-block-heading\">Communication de donn\u00e9es<\/h4>\n\n\n\n<p>Sans n\u00e9cessit\u00e9 de consentement expr\u00e8s (ex art. 24 lettre a), b), d) Code de confidentialit\u00e9 et art. 6 let. b) et c) RGPD), le Responsable du traitement pourra communiquer vos donn\u00e9es aux fins vis\u00e9es \u00e0 l&rsquo;art. 2.A) aux organismes de contr\u00f4le, aux autorit\u00e9s judiciaires, aux compagnies d&rsquo;assurance pour la fourniture de services d&rsquo;assurance, ainsi qu&rsquo;aux sujets auxquels la communication est obligatoire par la loi pour la r\u00e9alisation des finalit\u00e9s susmentionn\u00e9es. Ces sujets traiteront les donn\u00e9es en leur qualit\u00e9 de responsables du traitement ind\u00e9pendants.<\/p>\n\n\n\n<p>Vos donn\u00e9es ne seront pas divulgu\u00e9es.<\/p>\n\n\n\n<h4 class=\"wp-block-heading\">Transfert de donn\u00e9es<\/h4>\n\n\n\n<p>Les donn\u00e9es personnelles sont stock\u00e9es sur les serveurs de l&rsquo;entreprise au sein de l&rsquo;Union europ\u00e9enne. Dans tous les cas, il est entendu que le Propri\u00e9taire, si n\u00e9cessaire, aura le droit de d\u00e9placer les serveurs m\u00eame en dehors de l&rsquo;UE. Dans ce cas, le Responsable du traitement garantit que le transfert des donn\u00e9es hors UE s&rsquo;effectuera dans le respect des dispositions l\u00e9gales applicables, sous r\u00e9serve de la stipulation des clauses contractuelles types pr\u00e9vues par la Commission europ\u00e9enne.<\/p>\n\n\n\n<h4 class=\"wp-block-heading\">Nature de la fourniture de donn\u00e9es et cons\u00e9quences du refus de r\u00e9pondre<\/h4>\n\n\n\n<p>La fourniture de donn\u00e9es aux fins vis\u00e9es \u00e0 l&rsquo;art. 2.A) est obligatoire. En leur absence, nous ne pourrons garantir les Prestations de l&rsquo;art. 2.A).<\/p>\n\n\n\n<h4 class=\"wp-block-heading\">Droits de l&rsquo;int\u00e9ress\u00e9<\/h4>\n\n\n\n<p>Conform\u00e9ment au R\u00e8glement europ\u00e9en 679\/2016 (RGPD) et \u00e0 la l\u00e9gislation nationale, l&rsquo;int\u00e9ress\u00e9 peut, selon les modalit\u00e9s et dans les limites fix\u00e9es par la l\u00e9gislation en vigueur, exercer les droits suivants&nbsp;:<\/p>\n\n\n\n<ul class=\"wp-block-list\">\n<li>demander la confirmation de l&rsquo;existence de donn\u00e9es personnelles le concernant (droit d&rsquo;acc\u00e8s)&nbsp;;<\/li>\n\n\n\n<li>conna\u00eetre son origine&nbsp;;<\/li>\n\n\n\n<li>recevoir une communication intelligible&nbsp;;<\/li>\n\n\n\n<li>avoir des informations sur la logique, les modalit\u00e9s et les finalit\u00e9s du traitement&nbsp;;<\/li>\n\n\n\n<li>demander la mise \u00e0 jour, la rectification, l&rsquo;int\u00e9gration, l&rsquo;annulation, la transformation sous forme anonyme, le blocage des donn\u00e9es trait\u00e9es en violation de la loi, y compris les donn\u00e9es qui ne sont plus n\u00e9cessaires \u00e0 la poursuite des finalit\u00e9s pour lesquelles elles ont \u00e9t\u00e9 collect\u00e9es&nbsp;;<\/li>\n\n\n\n<li>droit de limiter et\/ou de s&rsquo;opposer au traitement des donn\u00e9es le concernant&nbsp;;<\/li>\n\n\n\n<li>droit de r\u00e9vocation&nbsp;;<\/li>\n\n\n\n<li>droit \u00e0 la portabilit\u00e9 des donn\u00e9es&nbsp;;<\/li>\n\n\n\n<li>en cas de traitement bas\u00e9 sur le consentement, recevoir vos donn\u00e9es fournies au propri\u00e9taire, sous une forme structur\u00e9e et lisible par un processeur de donn\u00e9es et dans un format couramment utilis\u00e9 par un appareil \u00e9lectronique&nbsp;;<\/li>\n\n\n\n<li>le droit de d\u00e9poser une plainte aupr\u00e8s de l&rsquo;autorit\u00e9 de surveillance.<\/li>\n<\/ul>\n\n\n\n<h4 class=\"wp-block-heading\">Comment exercer les droits<\/h4>\n\n\n\n<p>Vous pouvez exercer vos droits \u00e0 tout moment en envoyant&nbsp;:<\/p>\n\n\n\n<ul class=\"wp-block-list\">\n<li>une lettre recommand\u00e9e avec accus\u00e9 de r\u00e9ception. \u00e0 PIACERI DEL PALATO S.R.L. \u00e0 CONTRADA TOPPOLO, 83035 GRPTTAMINARDA (AV);<\/li>\n\n\n\n<li>un e-mail \u00e0 l&rsquo;adresse&nbsp;: <a href=\"mailto:piaceridelpalato@pec.it\">piaceridelpalato@pec.it<\/a>;<\/li>\n\n\n\n<li>T\u00e9l\u00e9phone&nbsp;: +39&nbsp;3356146322.<\/li>\n<\/ul>\n\n\n\n<h4 class=\"wp-block-heading\">Propri\u00e9taire, g\u00e9rant et personnes nomm\u00e9es<\/h4>\n\n\n\n<p>Le responsable du traitement des donn\u00e9es est PIACERI DEL PALATO S.R.L. et le repr\u00e9sentant l\u00e9gal GIOVANNI UVA.<\/p>\n\n\n\n<h3 class=\"wp-block-heading\" id=\"cookie\">Politique en mati\u00e8re de cookies<\/h3>\n\n\n\n<h4 class=\"wp-block-heading\">Que sont les cookies&nbsp;?<\/h4>\n\n\n\n<p>Un cookie est un petit ensemble de donn\u00e9es qui est envoy\u00e9 par le serveur Web au navigateur de l&rsquo;utilisateur et stock\u00e9 par le navigateur sur l&rsquo;appareil de l&rsquo;utilisateur (ordinateur, tablette, t\u00e9l\u00e9phone mobile ou autres), il peut \u00eatre lu ou r\u00e9cup\u00e9r\u00e9 ult\u00e9rieurement. par le serveur lui-m\u00eame. Il permet au portail Web de stocker certaines informations utiles au sein d&rsquo;une session ou lors des acc\u00e8s ult\u00e9rieurs effectu\u00e9s par l&rsquo;utilisateur.<\/p>\n\n\n\n<h4 class=\"wp-block-heading\">Utilisation de cookies dans le portail ?<\/h4>\n\n\n\n<p>Oui. Les cookies sont utilis\u00e9s pour am\u00e9liorer le site et pour fournir des services et des fonctionnalit\u00e9s aux utilisateurs. Vous pouvez limiter ou d\u00e9sactiver l&rsquo;utilisation de cookies via votre navigateur Web. Cependant, dans ce cas, certaines fonctionnalit\u00e9s peuvent devenir inaccessibles.<\/p>\n\n\n\n<h4 class=\"wp-block-heading\">Pourquoi utilisons-nous des cookies&nbsp;?<\/h4>\n\n\n\n<p>Les cookies peuvent \u00eatre utilis\u00e9s pour diverses raisons. Dans certaines parties du portail, les cookies sont indispensables et sans eux, par exemple, vous ne pourriez pas naviguer correctement.<\/p>\n\n\n\n<p>Dans d&rsquo;autres parties, ils sont utilis\u00e9s pour obtenir des informations utiles pour fournir des services sp\u00e9cifiques&nbsp;; En outre, certains services externes (tiers) peuvent avoir besoin d&rsquo;installer des cookies sp\u00e9ciaux sur le navigateur de l&rsquo;utilisateur afin de fournir les services concern\u00e9s.<\/p>\n\n\n\n<h4 class=\"wp-block-heading\">Quels types de cookies sont utilis\u00e9s sur notre portail&nbsp;?<\/h4>\n\n\n\n<h5 class=\"wp-block-heading\">Cookies techniques<\/h5>\n\n\n\n<p>Les cookies techniques sont ceux utilis\u00e9s dans le seul but de \u00ab r\u00e9aliser la transmission d&rsquo;une communication sur un r\u00e9seau de communications \u00e9lectroniques, ou dans la mesure strictement n\u00e9cessaire au fournisseur d&rsquo;un service de la soci\u00e9t\u00e9 de l&rsquo;information explicitement demand\u00e9 par l&rsquo;abonn\u00e9 ou l&rsquo;utilisateur pour fournir ce service \u00bb (voir art. 122, paragraphe 1, du Code de confidentialit\u00e9). Ils ne sont pas utilis\u00e9s \u00e0 d\u2019autres fins et sont normalement install\u00e9s directement par le propri\u00e9taire ou le gestionnaire du site Internet. Ils peuvent \u00eatre divis\u00e9s en&nbsp;:<\/p>\n\n\n\n<h5 class=\"wp-block-heading\">Cookies de navigation ou de session<\/h5>\n\n\n\n<p>Ils servent \u00e0 enregistrer des donn\u00e9es utiles \u00e0 la navigation et \u00e0 l&rsquo;utilisation normale du site sur l&rsquo;ordinateur de l&rsquo;utilisateur (permettant par exemple de m\u00e9moriser la taille pr\u00e9f\u00e9r\u00e9e de la page dans une liste). Ces cookies se distinguent alors en fonction de leur persistance sur l&rsquo;ordinateur de l&rsquo;utilisateur : ceux qui sont automatiquement supprim\u00e9s \u00e0 la fin de chaque navigation sont appel\u00e9s cookies de session. Si, en revanche, ils ont une dur\u00e9e de vie plus longue, ils sont appel\u00e9s cookies permanents.<\/p>\n\n\n\n<h5 class=\"wp-block-heading\">Cookies fonctionnels<\/h5>\n\n\n\n<p>Ces cookies permettent au portail de m\u00e9moriser les choix effectu\u00e9s par l&rsquo;utilisateur afin d&rsquo;optimiser les fonctionnalit\u00e9s. Par exemple, les cookies fonctionnels nous permettent de m\u00e9moriser les param\u00e8tres sp\u00e9cifiques d&rsquo;un utilisateur, tels que la s\u00e9lection du pays et, le cas \u00e9ch\u00e9ant, le statut de connexion permanente.<\/p>\n\n\n\n<h5 class=\"wp-block-heading\">Cookies tiers<\/h5>\n\n\n\n<p>Certaines fonctionnalit\u00e9s sont cr\u00e9\u00e9es \u00e0 l&rsquo;aide de services tiers, r\u00e9pertori\u00e9s ci-dessous.<\/p>\n\n\n\n<p>Ces services g\u00e9n\u00e8rent des cookies li\u00e9s \u00e0 des services fournis par des tiers. Le tiers fournit ces services en \u00e9change d&rsquo;informations concernant la visite de l&rsquo;utilisateur sur notre portail. Cela implique \u00e9galement l&rsquo;obligation pour les fournisseurs de cookies tiers de respecter la l\u00e9gislation en vigueur. C&rsquo;est pour cette raison que nous renvoyons aux liens pr\u00e9sents sur les pages Web de sites tiers, o\u00f9 l&rsquo;utilisateur peut trouver les formulaires de collecte de consentement aux cookies et les informations associ\u00e9es. Si les services sont fournis via des contacts indirects avec des tiers, l&rsquo;utilisateur doit consulter les sites des sujets qui agissent comme interm\u00e9diaires entre nous et ces m\u00eames tiers&nbsp;:<\/p>\n\n\n\n<p>\u2013 YouTube&nbsp;: les vid\u00e9os sont affich\u00e9es via le service propos\u00e9 par Youtube.<\/p>\n\n\n\n<p>Politique de confidentialit\u00e9\u00a0: <a href=\"http:\/\/www.google.it\/intl\/it\/policies\/privacy\/\">http:\/\/www.google.it\/intl\/it\/policies\/privacy\/<\/a><\/p>\n\n\n\n<p>\u2013 Google Analytics&nbsp;: pour optimiser les informations et les services propos\u00e9s, le portail du minist\u00e8re de l&rsquo;Int\u00e9rieur utilise Google Analytics, un service Google qui permet de suivre et d&rsquo;analyser le comportement des utilisateurs en ligne en termes d&rsquo;heures, de localisation g\u00e9ographique et comportement sur le site .<\/p>\n\n\n\n<p>Politique de confidentialit\u00e9&nbsp;: <a href=\"http:\/\/www.google.it\/intl\/it\/policies\/privacy\/\">http:\/\/www.google.it\/intl\/it\/policies\/privacy\/<\/a><\/p>\n\n\n\n<p>\u2013 Boutons \u00ab ShareThis \u00bb et widgets sociaux de ShareThis (Sharethis Inc) : le portail du Minist\u00e8re de l&rsquo;Int\u00e9rieur comprend \u00e9galement des fonctions pour le fournisseur ShareThis Inc, le bouton \u00ab ShareThis \u00bb et des widgets sociaux, ce sont des services de partage vers les principaux r\u00e9seaux sociaux et interagissent avec la plateforme ShareThis, fournie par ShareThis Inc., ces services peuvent utiliser des \u00ab cookies \u00bb g\u00e9n\u00e9r\u00e9s directement par les serveurs de ShareThis Inc et ses partenaires, en tant qu&rsquo;\u00e9diteur nous ne sommes pas en mesure de fournir des informations ad\u00e9quates, nous vous recommandons de visiter le lien suivant pour obtenir des informations sur l&rsquo;utilisation des cookies par le fournisseur de services\/titulaire de licence.<\/p>\n\n\n\n<p><a href=\"http:\/\/www.google.it\/intl\/it\/policies\/privacy\/\">Politique de confidentialit\u00e9&nbsp;: <\/a><a href=\"http:\/\/www.sharethis.com\/legal\/privacy\/#sthash.oNiQUPLd.dpbs\">http:\/\/www.sharethis.com\/legal\/privacy\/#sthash. oNiQUPLd.dpbs<\/a> &nbsp;(langue anglaise)<\/p>\n\n\n\n<h4 class=\"wp-block-heading\">Comment d\u00e9sactiver ou supprimer les cookies&nbsp;?<\/h4>\n\n\n\n<p>La plupart des navigateurs acceptent automatiquement les cookies, mais vous pouvez configurer votre navigateur pour qu&rsquo;il ne les accepte pas, soit automatiquement, soit sur demande. Nous ne recommandons pas cette d\u00e9sactivation car la navigation normale pourrait \u00eatre compromise et tout ou partie des fonctionnalit\u00e9s de certains sites pourraient ne pas \u00eatre disponibles. Si vous ne souhaitez pas que votre ordinateur re\u00e7oive et stocke des cookies, vous pouvez modifier les param\u00e8tres de s\u00e9curit\u00e9 de votre navigateur.<\/p>\n\n\n\n<p>Vous trouverez ci-dessous les adresses des pages des fabricants concern\u00e9s des navigateurs les plus populaires&nbsp;:<\/p>\n\n\n\n<ul class=\"wp-block-list\">\n<li>Google Chrome <a href=\"https:\/\/support.google.com\/accounts\/answer\/61416?hl=it\">https:\/\/support.google.com\/accounts\/answer\/61416?hl=it<\/a><\/li>\n\n\n\n<li>Mozilla Firefox <a href=\"https:\/\/support.mozilla.org\/it\/kb\/Attivare%20e%20disattivare%20i%20cookie\">https:\/\/support.mozilla.org\/it\/kb\/Attivare %20e%20d\u00e9sactiver%20i%20cookies<\/a><\/li>\n\n\n\n<li>Windows Internet Explorer <a href=\"http:\/\/windows.microsoft.com\/it-it\/windows7\/block-enable-or-allow-cookies\">http:\/\/windows.microsoft.com\/it- fr\/windows7\/block-enable-or-allow-cookies<\/a><\/li>\n\n\n\n<li>Apple Safari <a href=\"https:\/\/support.apple.com\/it-it\/HT201265\">https:\/\/support.apple.com\/it-it\/HT201265<\/a><\/li>\n\n\n\n<li>Op\u00e9ra <a href=\"http:\/\/help.opera.com\/Windows\/10.00\/it\/cookies.html\">http:\/\/help.opera.com\/Windows\/10.00\/it\/cookies.html<\/a><\/li>\n<\/ul>\n\n\n\n<h4 class=\"wp-block-heading\">R\u00e9f\u00e9rences r\u00e9glementaires<\/h4>\n\n\n\n<ul class=\"wp-block-list\">\n<li>D\u00e9cret l\u00e9gislatif du 30 juin 2003, n. 196. Code concernant la protection des donn\u00e9es personnelles<\/li>\n\n\n\n<li>GU S\u00e9rie G\u00e9n\u00e9rale n.126 du 3.6.2014. Identification de m\u00e9thodes simplificatrices pour fournir des informations et obtenir le consentement pour l&rsquo;utilisation de cookies<\/li>\n\n\n\n<li>R\u00e8glement europ\u00e9en 2016\/679 (RGPD) et d\u00e9cret l\u00e9gislatif du 10&nbsp;ao\u00fbt&nbsp;2018 n. 101.<\/li>\n<\/ul>\n\n\n\n<h4 class=\"wp-block-heading\">D\u00e9sactiver les cookies<\/h4>\n\n\n\n<p><a id=\"cookie-button-revoke\" class=\"button-1\" href=\"#\">D\u00e9sactiver les cookies<\/a><\/p>\n","protected":false},"excerpt":{"rendered":"<p>Informations sur le traitement des donn\u00e9es personnelles PIACERI DEL PALATO S.R.L. dont le si\u00e8ge social est \u00e0 CONTRADA TOPPOLO, 83035 GROTTAMINARDA (AV), (ci-apr\u00e8s, \u00ab&nbsp;Propri\u00e9taire&nbsp;\u00bb), en tant que responsable du traitement, vous informe conform\u00e9ment \u00e0 l&rsquo;art. 13 D\u00e9cret l\u00e9gislatif 30\/06\/2003 n. 196 (ci-apr\u00e8s, \u00ab Code de confidentialit\u00e9 \u00bb) et art. 13 R\u00e8glement UE no. 2016\/679 (ci-apr\u00e8s, [&hellip;]<\/p>\n","protected":false},"author":1,"featured_media":0,"parent":0,"menu_order":46,"comment_status":"closed","ping_status":"closed","template":"","meta":{"inline_featured_image":false,"footnotes":""},"class_list":["post-5823","page","type-page","status-publish","hentry"],"yoast_head":"<!-- This site is optimized with the Yoast SEO plugin v27.5 - https:\/\/yoast.com\/product\/yoast-seo-wordpress\/ -->\n<title>Politique de Confidentialit\u00e9 - Pinsa Store<\/title>\n<meta name=\"robots\" content=\"index, follow, max-snippet:-1, max-image-preview:large, max-video-preview:-1\" \/>\n<link rel=\"canonical\" href=\"https:\/\/www.pinsastore.it\/fr\/politique-de-confidentialite\/\" \/>\n<meta property=\"og:locale\" content=\"fr_FR\" \/>\n<meta property=\"og:type\" content=\"article\" \/>\n<meta property=\"og:title\" content=\"Politique de Confidentialit\u00e9 - Pinsa Store\" \/>\n<meta property=\"og:description\" content=\"Informations sur le traitement des donn\u00e9es personnelles PIACERI DEL PALATO S.R.L. dont le si\u00e8ge social est \u00e0 CONTRADA TOPPOLO, 83035 GROTTAMINARDA (AV), (ci-apr\u00e8s, \u00ab&nbsp;Propri\u00e9taire&nbsp;\u00bb), en tant que responsable du traitement, vous informe conform\u00e9ment \u00e0 l&rsquo;art. 13 D\u00e9cret l\u00e9gislatif 30\/06\/2003 n. 196 (ci-apr\u00e8s, \u00ab Code de confidentialit\u00e9 \u00bb) et art. 13 R\u00e8glement UE no. 2016\/679 (ci-apr\u00e8s, [&hellip;]\" \/>\n<meta property=\"og:url\" content=\"https:\/\/www.pinsastore.it\/fr\/politique-de-confidentialite\/\" \/>\n<meta property=\"og:site_name\" content=\"Pinsa Store\" \/>\n<meta property=\"article:publisher\" content=\"https:\/\/www.facebook.com\/pinsastore\" \/>\n<meta property=\"article:modified_time\" content=\"2023-12-05T09:51:30+00:00\" \/>\n<meta property=\"og:image\" content=\"https:\/\/www.pinsastore.it\/wp-content\/uploads\/home\/slide\/slide-01.jpg\" \/>\n\t<meta property=\"og:image:width\" content=\"1600\" \/>\n\t<meta property=\"og:image:height\" content=\"900\" \/>\n\t<meta property=\"og:image:type\" content=\"image\/jpeg\" \/>\n<meta name=\"twitter:card\" content=\"summary_large_image\" \/>\n<meta name=\"twitter:site\" content=\"@piaceripalato\" \/>\n<meta name=\"twitter:label1\" content=\"Dur\u00e9e de lecture estim\u00e9e\" \/>\n\t<meta name=\"twitter:data1\" content=\"10 minutes\" \/>\n<script type=\"application\/ld+json\" class=\"yoast-schema-graph\">{\"@context\":\"https:\\\/\\\/schema.org\",\"@graph\":[{\"@type\":\"WebPage\",\"@id\":\"https:\\\/\\\/www.pinsastore.it\\\/fr\\\/politique-de-confidentialite\\\/\",\"url\":\"https:\\\/\\\/www.pinsastore.it\\\/fr\\\/politique-de-confidentialite\\\/\",\"name\":\"Politique de Confidentialit\u00e9 - Pinsa Store\",\"isPartOf\":{\"@id\":\"https:\\\/\\\/www.pinsastore.it\\\/fr\\\/#website\"},\"datePublished\":\"2019-07-18T08:59:09+00:00\",\"dateModified\":\"2023-12-05T09:51:30+00:00\",\"breadcrumb\":{\"@id\":\"https:\\\/\\\/www.pinsastore.it\\\/fr\\\/politique-de-confidentialite\\\/#breadcrumb\"},\"inLanguage\":\"fr-FR\",\"potentialAction\":[{\"@type\":\"ReadAction\",\"target\":[\"https:\\\/\\\/www.pinsastore.it\\\/fr\\\/politique-de-confidentialite\\\/\"]}]},{\"@type\":\"BreadcrumbList\",\"@id\":\"https:\\\/\\\/www.pinsastore.it\\\/fr\\\/politique-de-confidentialite\\\/#breadcrumb\",\"itemListElement\":[{\"@type\":\"ListItem\",\"position\":1,\"name\":\"Accueil\",\"item\":\"https:\\\/\\\/www.pinsastore.it\\\/fr\\\/\"},{\"@type\":\"ListItem\",\"position\":2,\"name\":\"Politique de Confidentialit\u00e9\"}]},{\"@type\":\"WebSite\",\"@id\":\"https:\\\/\\\/www.pinsastore.it\\\/fr\\\/#website\",\"url\":\"https:\\\/\\\/www.pinsastore.it\\\/fr\\\/\",\"name\":\"Pinsa Store\",\"description\":\"Votre Pizzeria en Ligne\",\"potentialAction\":[{\"@type\":\"SearchAction\",\"target\":{\"@type\":\"EntryPoint\",\"urlTemplate\":\"https:\\\/\\\/www.pinsastore.it\\\/fr\\\/?s={search_term_string}\"},\"query-input\":{\"@type\":\"PropertyValueSpecification\",\"valueRequired\":true,\"valueName\":\"search_term_string\"}}],\"inLanguage\":\"fr-FR\"}]}<\/script>\n<!-- \/ Yoast SEO plugin. -->","yoast_head_json":{"title":"Politique de Confidentialit\u00e9 - Pinsa Store","robots":{"index":"index","follow":"follow","max-snippet":"max-snippet:-1","max-image-preview":"max-image-preview:large","max-video-preview":"max-video-preview:-1"},"canonical":"https:\/\/www.pinsastore.it\/fr\/politique-de-confidentialite\/","og_locale":"fr_FR","og_type":"article","og_title":"Politique de Confidentialit\u00e9 - Pinsa Store","og_description":"Informations sur le traitement des donn\u00e9es personnelles PIACERI DEL PALATO S.R.L. dont le si\u00e8ge social est \u00e0 CONTRADA TOPPOLO, 83035 GROTTAMINARDA (AV), (ci-apr\u00e8s, \u00ab&nbsp;Propri\u00e9taire&nbsp;\u00bb), en tant que responsable du traitement, vous informe conform\u00e9ment \u00e0 l&rsquo;art. 13 D\u00e9cret l\u00e9gislatif 30\/06\/2003 n. 196 (ci-apr\u00e8s, \u00ab Code de confidentialit\u00e9 \u00bb) et art. 13 R\u00e8glement UE no. 2016\/679 (ci-apr\u00e8s, [&hellip;]","og_url":"https:\/\/www.pinsastore.it\/fr\/politique-de-confidentialite\/","og_site_name":"Pinsa Store","article_publisher":"https:\/\/www.facebook.com\/pinsastore","article_modified_time":"2023-12-05T09:51:30+00:00","og_image":[{"width":1600,"height":900,"url":"https:\/\/www.pinsastore.it\/wp-content\/uploads\/home\/slide\/slide-01.jpg","type":"image\/jpeg"}],"twitter_card":"summary_large_image","twitter_site":"@piaceripalato","twitter_misc":{"Dur\u00e9e de lecture estim\u00e9e":"10 minutes"},"schema":{"@context":"https:\/\/schema.org","@graph":[{"@type":"WebPage","@id":"https:\/\/www.pinsastore.it\/fr\/politique-de-confidentialite\/","url":"https:\/\/www.pinsastore.it\/fr\/politique-de-confidentialite\/","name":"Politique de Confidentialit\u00e9 - Pinsa Store","isPartOf":{"@id":"https:\/\/www.pinsastore.it\/fr\/#website"},"datePublished":"2019-07-18T08:59:09+00:00","dateModified":"2023-12-05T09:51:30+00:00","breadcrumb":{"@id":"https:\/\/www.pinsastore.it\/fr\/politique-de-confidentialite\/#breadcrumb"},"inLanguage":"fr-FR","potentialAction":[{"@type":"ReadAction","target":["https:\/\/www.pinsastore.it\/fr\/politique-de-confidentialite\/"]}]},{"@type":"BreadcrumbList","@id":"https:\/\/www.pinsastore.it\/fr\/politique-de-confidentialite\/#breadcrumb","itemListElement":[{"@type":"ListItem","position":1,"name":"Accueil","item":"https:\/\/www.pinsastore.it\/fr\/"},{"@type":"ListItem","position":2,"name":"Politique de Confidentialit\u00e9"}]},{"@type":"WebSite","@id":"https:\/\/www.pinsastore.it\/fr\/#website","url":"https:\/\/www.pinsastore.it\/fr\/","name":"Pinsa Store","description":"Votre Pizzeria en Ligne","potentialAction":[{"@type":"SearchAction","target":{"@type":"EntryPoint","urlTemplate":"https:\/\/www.pinsastore.it\/fr\/?s={search_term_string}"},"query-input":{"@type":"PropertyValueSpecification","valueRequired":true,"valueName":"search_term_string"}}],"inLanguage":"fr-FR"}]}},"_links":{"self":[{"href":"https:\/\/www.pinsastore.it\/fr\/wp-json\/wp\/v2\/pages\/5823","targetHints":{"allow":["GET"]}}],"collection":[{"href":"https:\/\/www.pinsastore.it\/fr\/wp-json\/wp\/v2\/pages"}],"about":[{"href":"https:\/\/www.pinsastore.it\/fr\/wp-json\/wp\/v2\/types\/page"}],"author":[{"embeddable":true,"href":"https:\/\/www.pinsastore.it\/fr\/wp-json\/wp\/v2\/users\/1"}],"replies":[{"embeddable":true,"href":"https:\/\/www.pinsastore.it\/fr\/wp-json\/wp\/v2\/comments?post=5823"}],"version-history":[{"count":0,"href":"https:\/\/www.pinsastore.it\/fr\/wp-json\/wp\/v2\/pages\/5823\/revisions"}],"wp:attachment":[{"href":"https:\/\/www.pinsastore.it\/fr\/wp-json\/wp\/v2\/media?parent=5823"}],"curies":[{"name":"wp","href":"https:\/\/api.w.org\/{rel}","templated":true}]}}