{"id":234,"date":"2019-09-20T15:11:35","date_gmt":"2019-09-20T13:11:35","guid":{"rendered":"https:\/\/www.pinsastore.it\/?post_type=product&#038;p=234"},"modified":"2022-11-08T12:07:43","modified_gmt":"2022-11-08T11:07:43","slug":"doppio-concentrato-di-datterino-rosso-cosi-come","status":"publish","type":"product","link":"https:\/\/www.pinsastore.it\/fr\/produit\/doppio-concentrato-di-datterino-rosso-cosi-come\/","title":{"rendered":"Doppio Concentrato di Datterino Rosso &#8211; Cos\u00ec Com&rsquo;\u00e8"},"content":{"rendered":"<p>\u00c8 una conserva vegetale ricavata direttamente dai Pomodori Datterini Rossi, ai quali non viene aggiunto nessun altro ingrediente, in questo modo si mantiene tutta la naturalezza e la genuinit\u00e0 che caratterizzano la materia prima, senza alterarne il sapore n\u00e9 il profumo.<\/p>\n<p>Il prodotto ha un aspetto cremoso ed \u00e8 spalmabile, \u00e8 quindi adatto alla preparazione di salse e sughi ma pu\u00f2 essere anche consumato crudo per dare un tocco di sapore in pi\u00f9 ad antipasti, aperitivi e bruschette.<\/p>\n<h4>Origine del prodotto<\/h4>\n<p>Origine del pomodoro: Italia.<\/p>\n<h4>Modalit\u00e0 di conservazione<\/h4>\n<p>Tenere in luogo fresco e asciutto. Una volta aperto il contenitore, se non utilizzato completamente, conservare in frigo (1\u00f74\u00b0C) al massimo per 3 giorni.<\/p>\n<h4>Valori nutrizionali*<\/h4>\n<p><strong>Valore energetico<\/strong>\u00a0 92 kcal \/ 388 kj.<br \/>\n<strong>Proteine\u00a0 <\/strong>2,8 g.<br \/>\n<strong>Carboidrati<\/strong>\u00a0 18,2 g,<br \/>\n<strong>di cui zuccheri<\/strong>\u00a0 17,5 g.<br \/>\n<strong>Grassi\u00a0\u00a0<\/strong>0,12 g,<br \/>\n<strong>di cui saturi<\/strong>\u00a0 0,04 g.<br \/>\n<strong>Fibre<\/strong>\u00a0 3,3 g.<br \/>\n<strong>Sale<\/strong>\u00a0 0,02 g.<\/p>\n<p><strong>*<\/strong>(valori medi per 100 g)<\/p>\n<h4>Ingredienti<\/h4>\n<p>Pomodori \u00ab\u00a0Datterini\u00a0\u00bb rossi (di origine italiana provenienti da produzione integrata).<\/p>\n","protected":false},"excerpt":{"rendered":"<p>Conserva vegetale di doppio concentrato di pomodoro tipologia Datterino rosso, stabilizzata mediante trattamento termico.<\/p>\n<p>Formato 90 g.<\/p>\n","protected":false},"featured_media":368,"template":"","meta":{"inline_featured_image":false},"product_brand":[],"product_cat":[54],"product_tag":[],"class_list":{"0":"post-234","1":"product","2":"type-product","3":"status-publish","4":"has-post-thumbnail","6":"product_cat-pomodorini","8":"first","9":"outofstock","10":"shipping-taxable","11":"purchasable","12":"product-type-simple"},"yoast_head":"<!-- This site is optimized with the Yoast SEO plugin v27.5 - https:\/\/yoast.com\/product\/yoast-seo-wordpress\/ -->\n<title>Doppio Concentrato di Datterino Rosso - Cos\u00ec Com&#039;\u00e8 - Pinsa Store<\/title>\n<meta name=\"robots\" content=\"index, follow, max-snippet:-1, max-image-preview:large, max-video-preview:-1\" \/>\n<link rel=\"canonical\" href=\"https:\/\/www.pinsastore.it\/fr\/produit\/doppio-concentrato-di-datterino-rosso-cosi-come\/\" \/>\n<meta property=\"og:locale\" content=\"fr_FR\" \/>\n<meta property=\"og:type\" content=\"article\" \/>\n<meta property=\"og:title\" content=\"Doppio Concentrato di Datterino Rosso - Cos\u00ec Com&#039;\u00e8 - Pinsa Store\" \/>\n<meta property=\"og:description\" content=\"Conserva vegetale di doppio concentrato di pomodoro tipologia Datterino rosso, stabilizzata mediante trattamento termico.  Formato 90 g.\" \/>\n<meta property=\"og:url\" content=\"https:\/\/www.pinsastore.it\/fr\/produit\/doppio-concentrato-di-datterino-rosso-cosi-come\/\" \/>\n<meta property=\"og:site_name\" content=\"Pinsa Store\" \/>\n<meta property=\"article:publisher\" content=\"https:\/\/www.facebook.com\/pinsastore\" \/>\n<meta property=\"article:modified_time\" content=\"2022-11-08T11:07:43+00:00\" \/>\n<meta property=\"og:image\" content=\"https:\/\/www.pinsastore.it\/wp-content\/uploads\/prodotti\/ingredienti\/pomodorini\/doppio-concentrato-di-datterino-rosso-cosi-come-90.jpg\" \/>\n\t<meta property=\"og:image:width\" content=\"600\" \/>\n\t<meta property=\"og:image:height\" content=\"600\" \/>\n\t<meta property=\"og:image:type\" content=\"image\/jpeg\" \/>\n<meta name=\"twitter:card\" content=\"summary_large_image\" \/>\n<meta name=\"twitter:site\" content=\"@piaceripalato\" \/>\n<meta name=\"twitter:label1\" content=\"Dur\u00e9e de lecture estim\u00e9e\" \/>\n\t<meta name=\"twitter:data1\" content=\"1 minute\" \/>\n<script type=\"application\/ld+json\" class=\"yoast-schema-graph\">{\"@context\":\"https:\\\/\\\/schema.org\",\"@graph\":[{\"@type\":\"WebPage\",\"@id\":\"https:\\\/\\\/www.pinsastore.it\\\/fr\\\/produit\\\/doppio-concentrato-di-datterino-rosso-cosi-come\\\/\",\"url\":\"https:\\\/\\\/www.pinsastore.it\\\/fr\\\/produit\\\/doppio-concentrato-di-datterino-rosso-cosi-come\\\/\",\"name\":\"Doppio Concentrato di Datterino Rosso - Cos\u00ec Com'\u00e8 - Pinsa Store\",\"isPartOf\":{\"@id\":\"https:\\\/\\\/www.pinsastore.it\\\/fr\\\/#website\"},\"primaryImageOfPage\":{\"@id\":\"https:\\\/\\\/www.pinsastore.it\\\/fr\\\/produit\\\/doppio-concentrato-di-datterino-rosso-cosi-come\\\/#primaryimage\"},\"image\":{\"@id\":\"https:\\\/\\\/www.pinsastore.it\\\/fr\\\/produit\\\/doppio-concentrato-di-datterino-rosso-cosi-come\\\/#primaryimage\"},\"thumbnailUrl\":\"https:\\\/\\\/www.pinsastore.it\\\/wp-content\\\/uploads\\\/prodotti\\\/ingredienti\\\/pomodorini\\\/doppio-concentrato-di-datterino-rosso-cosi-come-90.jpg\",\"datePublished\":\"2019-09-20T13:11:35+00:00\",\"dateModified\":\"2022-11-08T11:07:43+00:00\",\"breadcrumb\":{\"@id\":\"https:\\\/\\\/www.pinsastore.it\\\/fr\\\/produit\\\/doppio-concentrato-di-datterino-rosso-cosi-come\\\/#breadcrumb\"},\"inLanguage\":\"fr-FR\",\"potentialAction\":[{\"@type\":\"ReadAction\",\"target\":[\"https:\\\/\\\/www.pinsastore.it\\\/fr\\\/produit\\\/doppio-concentrato-di-datterino-rosso-cosi-come\\\/\"]}]},{\"@type\":\"ImageObject\",\"inLanguage\":\"fr-FR\",\"@id\":\"https:\\\/\\\/www.pinsastore.it\\\/fr\\\/produit\\\/doppio-concentrato-di-datterino-rosso-cosi-come\\\/#primaryimage\",\"url\":\"https:\\\/\\\/www.pinsastore.it\\\/wp-content\\\/uploads\\\/prodotti\\\/ingredienti\\\/pomodorini\\\/doppio-concentrato-di-datterino-rosso-cosi-come-90.jpg\",\"contentUrl\":\"https:\\\/\\\/www.pinsastore.it\\\/wp-content\\\/uploads\\\/prodotti\\\/ingredienti\\\/pomodorini\\\/doppio-concentrato-di-datterino-rosso-cosi-come-90.jpg\",\"width\":600,\"height\":600,\"caption\":\"Doppio Concentrato di Datterino Rosso, Cos\u00ec Com\u2019\u00e8 - Pinsa Store\"},{\"@type\":\"BreadcrumbList\",\"@id\":\"https:\\\/\\\/www.pinsastore.it\\\/fr\\\/produit\\\/doppio-concentrato-di-datterino-rosso-cosi-come\\\/#breadcrumb\",\"itemListElement\":[{\"@type\":\"ListItem\",\"position\":1,\"name\":\"Accueil\",\"item\":\"https:\\\/\\\/www.pinsastore.it\\\/fr\\\/\"},{\"@type\":\"ListItem\",\"position\":2,\"name\":\"Boutique\",\"item\":\"https:\\\/\\\/www.pinsastore.it\\\/fr\\\/boutique\\\/\"},{\"@type\":\"ListItem\",\"position\":3,\"name\":\"Doppio Concentrato di Datterino Rosso &#8211; Cos\u00ec Com&#8217;\u00e8\"}]},{\"@type\":\"WebSite\",\"@id\":\"https:\\\/\\\/www.pinsastore.it\\\/fr\\\/#website\",\"url\":\"https:\\\/\\\/www.pinsastore.it\\\/fr\\\/\",\"name\":\"Pinsa Store\",\"description\":\"Votre Pizzeria en Ligne\",\"potentialAction\":[{\"@type\":\"SearchAction\",\"target\":{\"@type\":\"EntryPoint\",\"urlTemplate\":\"https:\\\/\\\/www.pinsastore.it\\\/fr\\\/?s={search_term_string}\"},\"query-input\":{\"@type\":\"PropertyValueSpecification\",\"valueRequired\":true,\"valueName\":\"search_term_string\"}}],\"inLanguage\":\"fr-FR\"}]}<\/script>\n<!-- \/ Yoast SEO plugin. -->","yoast_head_json":{"title":"Doppio Concentrato di Datterino Rosso - Cos\u00ec Com'\u00e8 - Pinsa Store","robots":{"index":"index","follow":"follow","max-snippet":"max-snippet:-1","max-image-preview":"max-image-preview:large","max-video-preview":"max-video-preview:-1"},"canonical":"https:\/\/www.pinsastore.it\/fr\/produit\/doppio-concentrato-di-datterino-rosso-cosi-come\/","og_locale":"fr_FR","og_type":"article","og_title":"Doppio Concentrato di Datterino Rosso - Cos\u00ec Com'\u00e8 - Pinsa Store","og_description":"Conserva vegetale di doppio concentrato di pomodoro tipologia Datterino rosso, stabilizzata mediante trattamento termico.  Formato 90 g.","og_url":"https:\/\/www.pinsastore.it\/fr\/produit\/doppio-concentrato-di-datterino-rosso-cosi-come\/","og_site_name":"Pinsa Store","article_publisher":"https:\/\/www.facebook.com\/pinsastore","article_modified_time":"2022-11-08T11:07:43+00:00","og_image":[{"width":600,"height":600,"url":"https:\/\/www.pinsastore.it\/wp-content\/uploads\/prodotti\/ingredienti\/pomodorini\/doppio-concentrato-di-datterino-rosso-cosi-come-90.jpg","type":"image\/jpeg"}],"twitter_card":"summary_large_image","twitter_site":"@piaceripalato","twitter_misc":{"Dur\u00e9e de lecture estim\u00e9e":"1 minute"},"schema":{"@context":"https:\/\/schema.org","@graph":[{"@type":"WebPage","@id":"https:\/\/www.pinsastore.it\/fr\/produit\/doppio-concentrato-di-datterino-rosso-cosi-come\/","url":"https:\/\/www.pinsastore.it\/fr\/produit\/doppio-concentrato-di-datterino-rosso-cosi-come\/","name":"Doppio Concentrato di Datterino Rosso - Cos\u00ec Com'\u00e8 - Pinsa Store","isPartOf":{"@id":"https:\/\/www.pinsastore.it\/fr\/#website"},"primaryImageOfPage":{"@id":"https:\/\/www.pinsastore.it\/fr\/produit\/doppio-concentrato-di-datterino-rosso-cosi-come\/#primaryimage"},"image":{"@id":"https:\/\/www.pinsastore.it\/fr\/produit\/doppio-concentrato-di-datterino-rosso-cosi-come\/#primaryimage"},"thumbnailUrl":"https:\/\/www.pinsastore.it\/wp-content\/uploads\/prodotti\/ingredienti\/pomodorini\/doppio-concentrato-di-datterino-rosso-cosi-come-90.jpg","datePublished":"2019-09-20T13:11:35+00:00","dateModified":"2022-11-08T11:07:43+00:00","breadcrumb":{"@id":"https:\/\/www.pinsastore.it\/fr\/produit\/doppio-concentrato-di-datterino-rosso-cosi-come\/#breadcrumb"},"inLanguage":"fr-FR","potentialAction":[{"@type":"ReadAction","target":["https:\/\/www.pinsastore.it\/fr\/produit\/doppio-concentrato-di-datterino-rosso-cosi-come\/"]}]},{"@type":"ImageObject","inLanguage":"fr-FR","@id":"https:\/\/www.pinsastore.it\/fr\/produit\/doppio-concentrato-di-datterino-rosso-cosi-come\/#primaryimage","url":"https:\/\/www.pinsastore.it\/wp-content\/uploads\/prodotti\/ingredienti\/pomodorini\/doppio-concentrato-di-datterino-rosso-cosi-come-90.jpg","contentUrl":"https:\/\/www.pinsastore.it\/wp-content\/uploads\/prodotti\/ingredienti\/pomodorini\/doppio-concentrato-di-datterino-rosso-cosi-come-90.jpg","width":600,"height":600,"caption":"Doppio Concentrato di Datterino Rosso, Cos\u00ec Com\u2019\u00e8 - Pinsa Store"},{"@type":"BreadcrumbList","@id":"https:\/\/www.pinsastore.it\/fr\/produit\/doppio-concentrato-di-datterino-rosso-cosi-come\/#breadcrumb","itemListElement":[{"@type":"ListItem","position":1,"name":"Accueil","item":"https:\/\/www.pinsastore.it\/fr\/"},{"@type":"ListItem","position":2,"name":"Boutique","item":"https:\/\/www.pinsastore.it\/fr\/boutique\/"},{"@type":"ListItem","position":3,"name":"Doppio Concentrato di Datterino Rosso &#8211; Cos\u00ec Com&#8217;\u00e8"}]},{"@type":"WebSite","@id":"https:\/\/www.pinsastore.it\/fr\/#website","url":"https:\/\/www.pinsastore.it\/fr\/","name":"Pinsa Store","description":"Votre Pizzeria en Ligne","potentialAction":[{"@type":"SearchAction","target":{"@type":"EntryPoint","urlTemplate":"https:\/\/www.pinsastore.it\/fr\/?s={search_term_string}"},"query-input":{"@type":"PropertyValueSpecification","valueRequired":true,"valueName":"search_term_string"}}],"inLanguage":"fr-FR"}]}},"_links":{"self":[{"href":"https:\/\/www.pinsastore.it\/fr\/wp-json\/wp\/v2\/product\/234","targetHints":{"allow":["GET"]}}],"collection":[{"href":"https:\/\/www.pinsastore.it\/fr\/wp-json\/wp\/v2\/product"}],"about":[{"href":"https:\/\/www.pinsastore.it\/fr\/wp-json\/wp\/v2\/types\/product"}],"wp:featuredmedia":[{"embeddable":true,"href":"https:\/\/www.pinsastore.it\/fr\/wp-json\/wp\/v2\/media\/368"}],"wp:attachment":[{"href":"https:\/\/www.pinsastore.it\/fr\/wp-json\/wp\/v2\/media?parent=234"}],"wp:term":[{"taxonomy":"product_brand","embeddable":true,"href":"https:\/\/www.pinsastore.it\/fr\/wp-json\/wp\/v2\/product_brand?post=234"},{"taxonomy":"product_cat","embeddable":true,"href":"https:\/\/www.pinsastore.it\/fr\/wp-json\/wp\/v2\/product_cat?post=234"},{"taxonomy":"product_tag","embeddable":true,"href":"https:\/\/www.pinsastore.it\/fr\/wp-json\/wp\/v2\/product_tag?post=234"}],"curies":[{"name":"wp","href":"https:\/\/api.w.org\/{rel}","templated":true}]}}