{"id":241,"date":"2019-09-20T15:14:56","date_gmt":"2019-09-20T13:14:56","guid":{"rendered":"https:\/\/www.pinsastore.it\/?post_type=product&#038;p=241"},"modified":"2019-11-29T20:51:57","modified_gmt":"2019-11-29T19:51:57","slug":"datterino-rosso-pelato-in-succo-cosi-come","status":"publish","type":"product","link":"https:\/\/www.pinsastore.it\/fr\/produit\/datterino-rosso-pelato-in-succo-cosi-come\/","title":{"rendered":"Datterino Rosso Pelato in Succo &#8211; Cos\u00ec Com&rsquo;\u00e8"},"content":{"rendered":"<p>\u00c8 conservato nel suo succo, ovvero immerso nella sua stessa polpa per mantenere il suo gusto morbido ed equilibrato. Si distingue per l&rsquo;elevato grado zuccherino che lo rende particolarmente gustoso e gli conferisce un sapore pieno. E&rsquo; perfetto per dare una nota di carattere alle ricette ed essendo senza buccia \u00e8 adatto anche alla preparazione di sughi, creme o vellutate.<\/p>\n<h4>Origine del prodotto<\/h4>\n<p>Origine del pomodoro: Italia.<\/p>\n<h4>Modalit\u00e0 di conservazione<\/h4>\n<p>Tenere in luogo fresco e asciutto. Una volta aperto il contenitore, se non utilizzato completamente, conservare in frigo (1\u00f74\u00b0C) al massimo per 3 giorni.<\/p>\n<h4>Valori nutrizionali*<\/h4>\n<p>Valori nutrizionali (valori medi per 100 g)<br \/>\nEnergia 158 kJ \/ 37 kcal<br \/>\nGrassi 0,13 g &#8211; di cui acidi grassi saturi 0,04 g<br \/>\nCarboidrati 6,8 g &#8211; di cui zuccheri 6,3 g<br \/>\nFibre 1,3 g<br \/>\nProteine 1,5 g<br \/>\nSale 0,01 g<br \/>\n*Il contenuto di sale \u00e8 dovuto esclusivamente al sodio naturalmente presente (Na 0,005 g).<\/p>\n<h4>Ingredienti<\/h4>\n<p>Pomodori \u00ab\u00a0Datterini\u00a0\u00bb rossi pelati\u00a0 (di origine italiana provenienti da produzione integrata), succo di pomodoro (di origine italiana proveniente da produzione integrata). Correttore di acidit\u00e0 acido citrico &#8211; E330.<\/p>\n","protected":false},"excerpt":{"rendered":"<p>Conserva vegetale di pomodorini pelati tipologia datterino, stabilizzata mediante trattamento termico.<\/p>\n<p>Formato 350 g.<\/p>\n","protected":false},"featured_media":374,"template":"","meta":{"inline_featured_image":false},"product_brand":[],"product_cat":[56],"product_tag":[],"class_list":{"0":"post-241","1":"product","2":"type-product","3":"status-publish","4":"has-post-thumbnail","6":"product_cat-pelati","8":"first","9":"instock","10":"shipping-taxable","11":"purchasable","12":"product-type-simple"},"yoast_head":"<!-- This site is optimized with the Yoast SEO plugin v27.5 - https:\/\/yoast.com\/product\/yoast-seo-wordpress\/ -->\n<title>Datterino Rosso Pelato in Succo - Cos\u00ec Com&#039;\u00e8 - Pinsa Store<\/title>\n<meta name=\"robots\" content=\"index, follow, max-snippet:-1, max-image-preview:large, max-video-preview:-1\" \/>\n<link rel=\"canonical\" href=\"https:\/\/www.pinsastore.it\/fr\/produit\/datterino-rosso-pelato-in-succo-cosi-come\/\" \/>\n<meta property=\"og:locale\" content=\"fr_FR\" \/>\n<meta property=\"og:type\" content=\"article\" \/>\n<meta property=\"og:title\" content=\"Datterino Rosso Pelato in Succo - Cos\u00ec Com&#039;\u00e8 - Pinsa Store\" \/>\n<meta property=\"og:description\" content=\"Conserva vegetale di pomodorini pelati tipologia datterino, stabilizzata mediante trattamento termico.  Formato 350 g.\" \/>\n<meta property=\"og:url\" content=\"https:\/\/www.pinsastore.it\/fr\/produit\/datterino-rosso-pelato-in-succo-cosi-come\/\" \/>\n<meta property=\"og:site_name\" content=\"Pinsa Store\" \/>\n<meta property=\"article:publisher\" content=\"https:\/\/www.facebook.com\/pinsastore\" \/>\n<meta property=\"article:modified_time\" content=\"2019-11-29T19:51:57+00:00\" \/>\n<meta property=\"og:image\" content=\"https:\/\/www.pinsastore.it\/wp-content\/uploads\/prodotti\/ingredienti\/pelati\/datterino-rosso-pelato-in-succo-cosi-come-350.jpg\" \/>\n\t<meta property=\"og:image:width\" content=\"600\" \/>\n\t<meta property=\"og:image:height\" content=\"600\" \/>\n\t<meta property=\"og:image:type\" content=\"image\/jpeg\" \/>\n<meta name=\"twitter:card\" content=\"summary_large_image\" \/>\n<meta name=\"twitter:site\" content=\"@piaceripalato\" \/>\n<script type=\"application\/ld+json\" class=\"yoast-schema-graph\">{\"@context\":\"https:\\\/\\\/schema.org\",\"@graph\":[{\"@type\":\"WebPage\",\"@id\":\"https:\\\/\\\/www.pinsastore.it\\\/fr\\\/produit\\\/datterino-rosso-pelato-in-succo-cosi-come\\\/\",\"url\":\"https:\\\/\\\/www.pinsastore.it\\\/fr\\\/produit\\\/datterino-rosso-pelato-in-succo-cosi-come\\\/\",\"name\":\"Datterino Rosso Pelato in Succo - Cos\u00ec Com'\u00e8 - Pinsa Store\",\"isPartOf\":{\"@id\":\"https:\\\/\\\/www.pinsastore.it\\\/fr\\\/#website\"},\"primaryImageOfPage\":{\"@id\":\"https:\\\/\\\/www.pinsastore.it\\\/fr\\\/produit\\\/datterino-rosso-pelato-in-succo-cosi-come\\\/#primaryimage\"},\"image\":{\"@id\":\"https:\\\/\\\/www.pinsastore.it\\\/fr\\\/produit\\\/datterino-rosso-pelato-in-succo-cosi-come\\\/#primaryimage\"},\"thumbnailUrl\":\"https:\\\/\\\/www.pinsastore.it\\\/wp-content\\\/uploads\\\/prodotti\\\/ingredienti\\\/pelati\\\/datterino-rosso-pelato-in-succo-cosi-come-350.jpg\",\"datePublished\":\"2019-09-20T13:14:56+00:00\",\"dateModified\":\"2019-11-29T19:51:57+00:00\",\"breadcrumb\":{\"@id\":\"https:\\\/\\\/www.pinsastore.it\\\/fr\\\/produit\\\/datterino-rosso-pelato-in-succo-cosi-come\\\/#breadcrumb\"},\"inLanguage\":\"fr-FR\",\"potentialAction\":[{\"@type\":\"ReadAction\",\"target\":[\"https:\\\/\\\/www.pinsastore.it\\\/fr\\\/produit\\\/datterino-rosso-pelato-in-succo-cosi-come\\\/\"]}]},{\"@type\":\"ImageObject\",\"inLanguage\":\"fr-FR\",\"@id\":\"https:\\\/\\\/www.pinsastore.it\\\/fr\\\/produit\\\/datterino-rosso-pelato-in-succo-cosi-come\\\/#primaryimage\",\"url\":\"https:\\\/\\\/www.pinsastore.it\\\/wp-content\\\/uploads\\\/prodotti\\\/ingredienti\\\/pelati\\\/datterino-rosso-pelato-in-succo-cosi-come-350.jpg\",\"contentUrl\":\"https:\\\/\\\/www.pinsastore.it\\\/wp-content\\\/uploads\\\/prodotti\\\/ingredienti\\\/pelati\\\/datterino-rosso-pelato-in-succo-cosi-come-350.jpg\",\"width\":600,\"height\":600,\"caption\":\"Datterino Rosso Pelato in Succo, Cos\u00ec Com\u2019\u00e8 - Pinsa Store\"},{\"@type\":\"BreadcrumbList\",\"@id\":\"https:\\\/\\\/www.pinsastore.it\\\/fr\\\/produit\\\/datterino-rosso-pelato-in-succo-cosi-come\\\/#breadcrumb\",\"itemListElement\":[{\"@type\":\"ListItem\",\"position\":1,\"name\":\"Accueil\",\"item\":\"https:\\\/\\\/www.pinsastore.it\\\/fr\\\/\"},{\"@type\":\"ListItem\",\"position\":2,\"name\":\"Boutique\",\"item\":\"https:\\\/\\\/www.pinsastore.it\\\/fr\\\/boutique\\\/\"},{\"@type\":\"ListItem\",\"position\":3,\"name\":\"Datterino Rosso Pelato in Succo &#8211; Cos\u00ec Com&#8217;\u00e8\"}]},{\"@type\":\"WebSite\",\"@id\":\"https:\\\/\\\/www.pinsastore.it\\\/fr\\\/#website\",\"url\":\"https:\\\/\\\/www.pinsastore.it\\\/fr\\\/\",\"name\":\"Pinsa Store\",\"description\":\"Votre Pizzeria en Ligne\",\"potentialAction\":[{\"@type\":\"SearchAction\",\"target\":{\"@type\":\"EntryPoint\",\"urlTemplate\":\"https:\\\/\\\/www.pinsastore.it\\\/fr\\\/?s={search_term_string}\"},\"query-input\":{\"@type\":\"PropertyValueSpecification\",\"valueRequired\":true,\"valueName\":\"search_term_string\"}}],\"inLanguage\":\"fr-FR\"}]}<\/script>\n<!-- \/ Yoast SEO plugin. -->","yoast_head_json":{"title":"Datterino Rosso Pelato in Succo - Cos\u00ec Com'\u00e8 - Pinsa Store","robots":{"index":"index","follow":"follow","max-snippet":"max-snippet:-1","max-image-preview":"max-image-preview:large","max-video-preview":"max-video-preview:-1"},"canonical":"https:\/\/www.pinsastore.it\/fr\/produit\/datterino-rosso-pelato-in-succo-cosi-come\/","og_locale":"fr_FR","og_type":"article","og_title":"Datterino Rosso Pelato in Succo - Cos\u00ec Com'\u00e8 - Pinsa Store","og_description":"Conserva vegetale di pomodorini pelati tipologia datterino, stabilizzata mediante trattamento termico.  Formato 350 g.","og_url":"https:\/\/www.pinsastore.it\/fr\/produit\/datterino-rosso-pelato-in-succo-cosi-come\/","og_site_name":"Pinsa Store","article_publisher":"https:\/\/www.facebook.com\/pinsastore","article_modified_time":"2019-11-29T19:51:57+00:00","og_image":[{"width":600,"height":600,"url":"https:\/\/www.pinsastore.it\/wp-content\/uploads\/prodotti\/ingredienti\/pelati\/datterino-rosso-pelato-in-succo-cosi-come-350.jpg","type":"image\/jpeg"}],"twitter_card":"summary_large_image","twitter_site":"@piaceripalato","schema":{"@context":"https:\/\/schema.org","@graph":[{"@type":"WebPage","@id":"https:\/\/www.pinsastore.it\/fr\/produit\/datterino-rosso-pelato-in-succo-cosi-come\/","url":"https:\/\/www.pinsastore.it\/fr\/produit\/datterino-rosso-pelato-in-succo-cosi-come\/","name":"Datterino Rosso Pelato in Succo - Cos\u00ec Com'\u00e8 - Pinsa Store","isPartOf":{"@id":"https:\/\/www.pinsastore.it\/fr\/#website"},"primaryImageOfPage":{"@id":"https:\/\/www.pinsastore.it\/fr\/produit\/datterino-rosso-pelato-in-succo-cosi-come\/#primaryimage"},"image":{"@id":"https:\/\/www.pinsastore.it\/fr\/produit\/datterino-rosso-pelato-in-succo-cosi-come\/#primaryimage"},"thumbnailUrl":"https:\/\/www.pinsastore.it\/wp-content\/uploads\/prodotti\/ingredienti\/pelati\/datterino-rosso-pelato-in-succo-cosi-come-350.jpg","datePublished":"2019-09-20T13:14:56+00:00","dateModified":"2019-11-29T19:51:57+00:00","breadcrumb":{"@id":"https:\/\/www.pinsastore.it\/fr\/produit\/datterino-rosso-pelato-in-succo-cosi-come\/#breadcrumb"},"inLanguage":"fr-FR","potentialAction":[{"@type":"ReadAction","target":["https:\/\/www.pinsastore.it\/fr\/produit\/datterino-rosso-pelato-in-succo-cosi-come\/"]}]},{"@type":"ImageObject","inLanguage":"fr-FR","@id":"https:\/\/www.pinsastore.it\/fr\/produit\/datterino-rosso-pelato-in-succo-cosi-come\/#primaryimage","url":"https:\/\/www.pinsastore.it\/wp-content\/uploads\/prodotti\/ingredienti\/pelati\/datterino-rosso-pelato-in-succo-cosi-come-350.jpg","contentUrl":"https:\/\/www.pinsastore.it\/wp-content\/uploads\/prodotti\/ingredienti\/pelati\/datterino-rosso-pelato-in-succo-cosi-come-350.jpg","width":600,"height":600,"caption":"Datterino Rosso Pelato in Succo, Cos\u00ec Com\u2019\u00e8 - Pinsa Store"},{"@type":"BreadcrumbList","@id":"https:\/\/www.pinsastore.it\/fr\/produit\/datterino-rosso-pelato-in-succo-cosi-come\/#breadcrumb","itemListElement":[{"@type":"ListItem","position":1,"name":"Accueil","item":"https:\/\/www.pinsastore.it\/fr\/"},{"@type":"ListItem","position":2,"name":"Boutique","item":"https:\/\/www.pinsastore.it\/fr\/boutique\/"},{"@type":"ListItem","position":3,"name":"Datterino Rosso Pelato in Succo &#8211; Cos\u00ec Com&#8217;\u00e8"}]},{"@type":"WebSite","@id":"https:\/\/www.pinsastore.it\/fr\/#website","url":"https:\/\/www.pinsastore.it\/fr\/","name":"Pinsa Store","description":"Votre Pizzeria en Ligne","potentialAction":[{"@type":"SearchAction","target":{"@type":"EntryPoint","urlTemplate":"https:\/\/www.pinsastore.it\/fr\/?s={search_term_string}"},"query-input":{"@type":"PropertyValueSpecification","valueRequired":true,"valueName":"search_term_string"}}],"inLanguage":"fr-FR"}]}},"_links":{"self":[{"href":"https:\/\/www.pinsastore.it\/fr\/wp-json\/wp\/v2\/product\/241","targetHints":{"allow":["GET"]}}],"collection":[{"href":"https:\/\/www.pinsastore.it\/fr\/wp-json\/wp\/v2\/product"}],"about":[{"href":"https:\/\/www.pinsastore.it\/fr\/wp-json\/wp\/v2\/types\/product"}],"wp:featuredmedia":[{"embeddable":true,"href":"https:\/\/www.pinsastore.it\/fr\/wp-json\/wp\/v2\/media\/374"}],"wp:attachment":[{"href":"https:\/\/www.pinsastore.it\/fr\/wp-json\/wp\/v2\/media?parent=241"}],"wp:term":[{"taxonomy":"product_brand","embeddable":true,"href":"https:\/\/www.pinsastore.it\/fr\/wp-json\/wp\/v2\/product_brand?post=241"},{"taxonomy":"product_cat","embeddable":true,"href":"https:\/\/www.pinsastore.it\/fr\/wp-json\/wp\/v2\/product_cat?post=241"},{"taxonomy":"product_tag","embeddable":true,"href":"https:\/\/www.pinsastore.it\/fr\/wp-json\/wp\/v2\/product_tag?post=241"}],"curies":[{"name":"wp","href":"https:\/\/api.w.org\/{rel}","templated":true}]}}